{"id":2334,"date":"2017-12-08T08:42:07","date_gmt":"2017-12-08T08:42:07","guid":{"rendered":"http:\/\/teddybear.rs\/shop\/nem-kategorizalt\/veliki-grand-ferrero-box\/"},"modified":"2019-05-17T11:25:10","modified_gmt":"2019-05-17T11:25:10","slug":"veliki-grand-ferrero-box","status":"publish","type":"product","link":"https:\/\/teddybear.rs\/hu\/shop\/edesseg-dobozok-hu\/veliki-grand-ferrero-box\/","title":{"rendered":"Teddy Bear \u00ae GRAND Ferrero box"},"content":{"rendered":"<p>A Teddy Bear\u00ae GRAND Ferrero doboz Ferrero csokol\u00e1d\u00e9t, Ferrero Grand csokol\u00e1d\u00e9 labd\u00e1t \u00e9s dekorat\u00edv anyagot tartalmaz.<\/p>\n","protected":false},"excerpt":{"rendered":"<p><strong>Teddy Bear \u00ae GRAND Ferrero <\/strong>box sadr\u017ei Ferrero \u010dokoladice, Ferrero Grand kugle od cokolade I dekorativni materijal.<\/p>\n","protected":false},"featured_media":1943,"template":"","meta":[],"product_brand":[],"product_cat":[197],"product_tag":[324,325,322],"class_list":{"0":"post-2334","1":"product","2":"type-product","3":"status-publish","4":"has-post-thumbnail","6":"product_cat-edesseg-dobozok-hu","7":"product_tag-ferrero-hu","8":"product_tag-kugla-hu","9":"product_tag-sweet-box-hu","11":"first","12":"instock","13":"shipping-taxable","14":"purchasable","15":"product-type-simple"},"_links":{"self":[{"href":"https:\/\/teddybear.rs\/hu\/wp-json\/wp\/v2\/product\/2334","targetHints":{"allow":["GET"]}}],"collection":[{"href":"https:\/\/teddybear.rs\/hu\/wp-json\/wp\/v2\/product"}],"about":[{"href":"https:\/\/teddybear.rs\/hu\/wp-json\/wp\/v2\/types\/product"}],"wp:featuredmedia":[{"embeddable":true,"href":"https:\/\/teddybear.rs\/hu\/wp-json\/wp\/v2\/media\/1943"}],"wp:attachment":[{"href":"https:\/\/teddybear.rs\/hu\/wp-json\/wp\/v2\/media?parent=2334"}],"wp:term":[{"taxonomy":"product_brand","embeddable":true,"href":"https:\/\/teddybear.rs\/hu\/wp-json\/wp\/v2\/product_brand?post=2334"},{"taxonomy":"product_cat","embeddable":true,"href":"https:\/\/teddybear.rs\/hu\/wp-json\/wp\/v2\/product_cat?post=2334"},{"taxonomy":"product_tag","embeddable":true,"href":"https:\/\/teddybear.rs\/hu\/wp-json\/wp\/v2\/product_tag?post=2334"}],"curies":[{"name":"wp","href":"https:\/\/api.w.org\/{rel}","templated":true}]}}