{"id":2333,"date":"2017-11-14T22:39:36","date_gmt":"2017-11-14T22:39:36","guid":{"rendered":"http:\/\/teddybear.rs\/shop\/nem-kategorizalt\/veliki-kinder-xmas-box\/"},"modified":"2019-05-17T11:17:05","modified_gmt":"2019-05-17T11:17:05","slug":"veliki-kinder-xmas-box","status":"publish","type":"product","link":"https:\/\/teddybear.rs\/hu\/shop\/edesseg-dobozok-hu\/veliki-kinder-xmas-box\/","title":{"rendered":"Teddy Bear\u00aeVeliki Kinder Xmas Box"},"content":{"rendered":"<p>A Teddy Bear\u00ae nagy Kinder Xmas Box speci\u00e1lisan kiv\u00e1lasztott Kinder term\u00e9keket tartalmaz.<\/p>\n<p>A doboz a k\u00f6vetkez\u0151ket tartalmazza: Kinder meglepet\u00e9s csokol\u00e1d\u00e9, Kinder csokol\u00e1d\u00e9, Kinder deda fagy \u00e9s dekorat\u00edv anyag.<\/p>\n","protected":false},"excerpt":{"rendered":"<p><strong>Teddy Bear\u00ae Veliki Kinder Xmas Box<\/strong> sadr\u017ei posebno odabrane Kinder proizvode.<\/p>\n<p>U box-u se nalazi slede\u0107e: Kinder surprise \u010dokolade, Kinder \u010dokolade, Kinder deda mraza i ukrasni materijal.<\/p>\n","protected":false},"featured_media":2055,"template":"","meta":[],"product_brand":[],"product_cat":[197],"product_tag":[321,322,323],"class_list":{"0":"post-2333","1":"product","2":"type-product","3":"status-publish","4":"has-post-thumbnail","6":"product_cat-edesseg-dobozok-hu","7":"product_tag-kinder-box-hu","8":"product_tag-sweet-box-hu","9":"product_tag-xmas-hu","11":"first","12":"instock","13":"shipping-taxable","14":"purchasable","15":"product-type-simple"},"_links":{"self":[{"href":"https:\/\/teddybear.rs\/hu\/wp-json\/wp\/v2\/product\/2333","targetHints":{"allow":["GET"]}}],"collection":[{"href":"https:\/\/teddybear.rs\/hu\/wp-json\/wp\/v2\/product"}],"about":[{"href":"https:\/\/teddybear.rs\/hu\/wp-json\/wp\/v2\/types\/product"}],"wp:featuredmedia":[{"embeddable":true,"href":"https:\/\/teddybear.rs\/hu\/wp-json\/wp\/v2\/media\/2055"}],"wp:attachment":[{"href":"https:\/\/teddybear.rs\/hu\/wp-json\/wp\/v2\/media?parent=2333"}],"wp:term":[{"taxonomy":"product_brand","embeddable":true,"href":"https:\/\/teddybear.rs\/hu\/wp-json\/wp\/v2\/product_brand?post=2333"},{"taxonomy":"product_cat","embeddable":true,"href":"https:\/\/teddybear.rs\/hu\/wp-json\/wp\/v2\/product_cat?post=2333"},{"taxonomy":"product_tag","embeddable":true,"href":"https:\/\/teddybear.rs\/hu\/wp-json\/wp\/v2\/product_tag?post=2333"}],"curies":[{"name":"wp","href":"https:\/\/api.w.org\/{rel}","templated":true}]}}