{"id":2323,"date":"2018-04-19T09:19:10","date_gmt":"2018-04-19T09:19:10","guid":{"rendered":"http:\/\/teddybear.rs\/shop\/nem-kategorizalt\/moet-mini-pure-love\/"},"modified":"2019-05-13T11:02:43","modified_gmt":"2019-05-13T11:02:43","slug":"moet-mini-pure-love","status":"publish","type":"product","link":"https:\/\/teddybear.rs\/hu\/shop\/egy-szal-rozsa\/moet-mini-pure-love\/","title":{"rendered":"Moet Mini &amp; Pure Love"},"content":{"rendered":"<p>A csomag tartalmazza a Moet Mini \u00e9s a Pure Love r\u00f3zsa dekorat\u00edv felirattal.<\/p>\n","protected":false},"excerpt":{"rendered":"<p>A csomag tartalmazza a Moet Mini \u00e9s a Pure Love r\u00f3zsa dekorat\u00edv felirattal.<\/p>\n","protected":false},"featured_media":1949,"template":"","meta":[],"product_brand":[],"product_cat":[201,46],"product_tag":[149,314,121,223],"class_list":{"0":"post-2323","1":"product","2":"type-product","3":"status-publish","4":"has-post-thumbnail","6":"product_cat-egy-szal-rozsa","7":"product_cat-single-rose-2","8":"product_tag-moet-mini","9":"product_tag-moet-mini-hu","10":"product_tag-pure-love","11":"product_tag-pure-love-hu","13":"first","14":"instock","15":"sale","16":"shipping-taxable","17":"purchasable","18":"product-type-simple"},"_links":{"self":[{"href":"https:\/\/teddybear.rs\/hu\/wp-json\/wp\/v2\/product\/2323","targetHints":{"allow":["GET"]}}],"collection":[{"href":"https:\/\/teddybear.rs\/hu\/wp-json\/wp\/v2\/product"}],"about":[{"href":"https:\/\/teddybear.rs\/hu\/wp-json\/wp\/v2\/types\/product"}],"wp:featuredmedia":[{"embeddable":true,"href":"https:\/\/teddybear.rs\/hu\/wp-json\/wp\/v2\/media\/1949"}],"wp:attachment":[{"href":"https:\/\/teddybear.rs\/hu\/wp-json\/wp\/v2\/media?parent=2323"}],"wp:term":[{"taxonomy":"product_brand","embeddable":true,"href":"https:\/\/teddybear.rs\/hu\/wp-json\/wp\/v2\/product_brand?post=2323"},{"taxonomy":"product_cat","embeddable":true,"href":"https:\/\/teddybear.rs\/hu\/wp-json\/wp\/v2\/product_cat?post=2323"},{"taxonomy":"product_tag","embeddable":true,"href":"https:\/\/teddybear.rs\/hu\/wp-json\/wp\/v2\/product_tag?post=2323"}],"curies":[{"name":"wp","href":"https:\/\/api.w.org\/{rel}","templated":true}]}}