{"id":2322,"date":"2019-04-14T01:05:27","date_gmt":"2019-04-14T01:05:27","guid":{"rendered":"http:\/\/teddybear.rs\/shop\/nem-kategorizalt\/teddy-bear-pure-love-collors\/"},"modified":"2019-05-13T10:58:47","modified_gmt":"2019-05-13T10:58:47","slug":"teddy-bear-pure-love-collors","status":"publish","type":"product","link":"https:\/\/teddybear.rs\/hu\/shop\/pure-love%ef%b8%8fdehidralt-rozsa\/teddy-bear-pure-love-collors\/","title":{"rendered":"Teddy Bear Pure Love\u00ae Collors"},"content":{"rendered":"<p>Teddy Bear Pure Love\u00ae Collors dehidrat\u00e1lt r\u00f3zs\u00e1k sz\u00ednes szirmokkal.<\/p>\n","protected":false},"excerpt":{"rendered":"<p>Teddy Bear Pure Love\u00ae Collors dehidrat\u00e1lt r\u00f3zs\u00e1k sz\u00ednes szirmokkal.<\/p>\n","protected":false},"featured_media":2649,"template":"","meta":[],"product_brand":[],"product_cat":[449,201],"product_tag":[],"class_list":{"0":"post-2322","1":"product","2":"type-product","3":"status-publish","4":"has-post-thumbnail","6":"product_cat-pure-lovedehidralt-rozsa","7":"product_cat-egy-szal-rozsa","9":"first","10":"instock","11":"shipping-taxable","12":"purchasable","13":"product-type-simple"},"_links":{"self":[{"href":"https:\/\/teddybear.rs\/hu\/wp-json\/wp\/v2\/product\/2322","targetHints":{"allow":["GET"]}}],"collection":[{"href":"https:\/\/teddybear.rs\/hu\/wp-json\/wp\/v2\/product"}],"about":[{"href":"https:\/\/teddybear.rs\/hu\/wp-json\/wp\/v2\/types\/product"}],"wp:featuredmedia":[{"embeddable":true,"href":"https:\/\/teddybear.rs\/hu\/wp-json\/wp\/v2\/media\/2649"}],"wp:attachment":[{"href":"https:\/\/teddybear.rs\/hu\/wp-json\/wp\/v2\/media?parent=2322"}],"wp:term":[{"taxonomy":"product_brand","embeddable":true,"href":"https:\/\/teddybear.rs\/hu\/wp-json\/wp\/v2\/product_brand?post=2322"},{"taxonomy":"product_cat","embeddable":true,"href":"https:\/\/teddybear.rs\/hu\/wp-json\/wp\/v2\/product_cat?post=2322"},{"taxonomy":"product_tag","embeddable":true,"href":"https:\/\/teddybear.rs\/hu\/wp-json\/wp\/v2\/product_tag?post=2322"}],"curies":[{"name":"wp","href":"https:\/\/api.w.org\/{rel}","templated":true}]}}