{"id":2318,"date":"2017-12-08T08:50:53","date_gmt":"2017-12-08T08:50:53","guid":{"rendered":"http:\/\/teddybear.rs\/shop\/nem-kategorizalt\/single-rose-pink\/"},"modified":"2019-05-13T10:53:13","modified_gmt":"2019-05-13T10:53:13","slug":"single-rose-pink","status":"publish","type":"product","link":"https:\/\/teddybear.rs\/hu\/shop\/egy-szal-rozsa\/single-rose-pink\/","title":{"rendered":"Teddy Bear Single Rose\u00ae Pink"},"content":{"rendered":"<p>A \u201eTeddy Bear Single Rose\u00ae Pink\u201d r\u00f3zsasz\u00edn r\u00f3zs\u00e1t tartalmaz egy r\u00f3zsasz\u00edn d\u00edszdobozban, \u00fcdv\u00f6zl\u0151lapkal \u00e9s egy szat\u00e9n t\u00e1lral.<\/p>\n","protected":false},"excerpt":{"rendered":"<p>A \u201eTeddy Bear Single Rose\u00ae Pink\u201d r\u00f3zsasz\u00edn r\u00f3zs\u00e1t tartalmaz egy r\u00f3zsasz\u00edn d\u00edszdobozban, \u00fcdv\u00f6zl\u0151lapkal \u00e9s egy szat\u00e9n t\u00e1lral.<\/p>\n","protected":false},"featured_media":2004,"template":"","meta":[],"product_brand":[],"product_cat":[201,46],"product_tag":[75,313,74,312],"class_list":{"0":"post-2318","1":"product","2":"type-product","3":"status-publish","4":"has-post-thumbnail","6":"product_cat-egy-szal-rozsa","7":"product_cat-single-rose-2","8":"product_tag-pink","9":"product_tag-pink-hu","10":"product_tag-rose","11":"product_tag-rose-hu","13":"first","14":"instock","15":"shipping-taxable","16":"purchasable","17":"product-type-simple"},"_links":{"self":[{"href":"https:\/\/teddybear.rs\/hu\/wp-json\/wp\/v2\/product\/2318","targetHints":{"allow":["GET"]}}],"collection":[{"href":"https:\/\/teddybear.rs\/hu\/wp-json\/wp\/v2\/product"}],"about":[{"href":"https:\/\/teddybear.rs\/hu\/wp-json\/wp\/v2\/types\/product"}],"wp:featuredmedia":[{"embeddable":true,"href":"https:\/\/teddybear.rs\/hu\/wp-json\/wp\/v2\/media\/2004"}],"wp:attachment":[{"href":"https:\/\/teddybear.rs\/hu\/wp-json\/wp\/v2\/media?parent=2318"}],"wp:term":[{"taxonomy":"product_brand","embeddable":true,"href":"https:\/\/teddybear.rs\/hu\/wp-json\/wp\/v2\/product_brand?post=2318"},{"taxonomy":"product_cat","embeddable":true,"href":"https:\/\/teddybear.rs\/hu\/wp-json\/wp\/v2\/product_cat?post=2318"},{"taxonomy":"product_tag","embeddable":true,"href":"https:\/\/teddybear.rs\/hu\/wp-json\/wp\/v2\/product_tag?post=2318"}],"curies":[{"name":"wp","href":"https:\/\/api.w.org\/{rel}","templated":true}]}}