{"id":2315,"date":"2017-12-03T22:56:34","date_gmt":"2017-12-03T22:56:34","guid":{"rendered":"http:\/\/teddybear.rs\/shop\/nem-kategorizalt\/single-rose-red-navy-blue\/"},"modified":"2019-05-13T10:50:48","modified_gmt":"2019-05-13T10:50:48","slug":"single-rose-red-navy-blue","status":"publish","type":"product","link":"https:\/\/teddybear.rs\/hu\/shop\/egy-szal-rozsa\/single-rose-red-navy-blue\/","title":{"rendered":"Teddy Bear \u00aeSingle Rose\u00ae Red &#8211; Navy Blue"},"content":{"rendered":"<p>Teddy Bear Single Rose\u00ae Red &#8211; Navy Blue ide\u00e1lis aj\u00e1nd\u00e9k minden kedvel\u0151nek vagy olyan szem\u00e9lynek, akit kifejezetten szeretne kifejezni.<\/p>\n<p>A legszebb v\u00f6r\u00f6s r\u00f3zsa olyan ampull\u00e1t tartalmaz\u00f3 dobozba csomagolva, amely sok\u00e1ig frissebb\u00e9 teszi azt, mintha \u00e9ppen felvett\u00e9k volna. Ezen k\u00edv\u00fcl van egy \u00fczenet a dobozban, amit nem fogunk k\u00e9ts\u00e9gbe vonni, hogy fel\u00e9bressz\u00fck a szentelt szem\u00e9ly legm\u00e9lyebb \u00e9rzelmeit. Az Single Rose egy v\u00f6r\u00f6s r\u00f3zsa, feh\u00e9r \/ k\u00e9k d\u00edszdobozban, Greetengs k\u00e1rty\u00e1val (\u00fcdv\u00f6zl\u0151lap) \u00e9s szat\u00e9n \u00f6vvel.<\/p>\n","protected":false},"excerpt":{"rendered":"<p><strong>Teddy Bear Single Rose\u00ae Red &#8211; Navy Blue<\/strong> predstavlja idealan poklon za sve zaljubljene osobe ili osobe kojima \u017eelite da iska\u017eete posebnu pa\u017enju.<\/p>\n<p>Najlep\u0161a crvena ru\u017ea, upakovana je u kutiju u kojoj se nalazi ampula koja \u0107e je du\u017ee vrme u\u010diniti sve\u017eom, kao da je tek ubrana. Pored toga, u kutiji se nalazi i poruka koja \u0107e ne sumnjamo probuditi najiskrenije emocije kod osobe kojoj je posve\u0107ujete. Single Rose sadr\u017ei crvenu ru\u017eu u beloj\/plavoj ukrasnoj kutiji sa Greetengs card-om (\u010destitkom) i satenskom ma\u0161nicom.<\/p>\n","protected":false},"featured_media":2025,"template":"","meta":[],"product_brand":[],"product_cat":[201,46],"product_tag":[52,306,54,308],"class_list":{"0":"post-2315","1":"product","2":"type-product","3":"status-publish","4":"has-post-thumbnail","6":"product_cat-egy-szal-rozsa","7":"product_cat-single-rose-2","8":"product_tag-single-rose","9":"product_tag-single-rose-hu","10":"product_tag-single-rose-red-navy-blue","11":"product_tag-single-rose-red-navy-blue-hu","13":"first","14":"instock","15":"shipping-taxable","16":"purchasable","17":"product-type-simple"},"_links":{"self":[{"href":"https:\/\/teddybear.rs\/hu\/wp-json\/wp\/v2\/product\/2315","targetHints":{"allow":["GET"]}}],"collection":[{"href":"https:\/\/teddybear.rs\/hu\/wp-json\/wp\/v2\/product"}],"about":[{"href":"https:\/\/teddybear.rs\/hu\/wp-json\/wp\/v2\/types\/product"}],"wp:featuredmedia":[{"embeddable":true,"href":"https:\/\/teddybear.rs\/hu\/wp-json\/wp\/v2\/media\/2025"}],"wp:attachment":[{"href":"https:\/\/teddybear.rs\/hu\/wp-json\/wp\/v2\/media?parent=2315"}],"wp:term":[{"taxonomy":"product_brand","embeddable":true,"href":"https:\/\/teddybear.rs\/hu\/wp-json\/wp\/v2\/product_brand?post=2315"},{"taxonomy":"product_cat","embeddable":true,"href":"https:\/\/teddybear.rs\/hu\/wp-json\/wp\/v2\/product_cat?post=2315"},{"taxonomy":"product_tag","embeddable":true,"href":"https:\/\/teddybear.rs\/hu\/wp-json\/wp\/v2\/product_tag?post=2315"}],"curies":[{"name":"wp","href":"https:\/\/api.w.org\/{rel}","templated":true}]}}