{"id":2314,"date":"2017-12-03T22:55:16","date_gmt":"2017-12-03T22:55:16","guid":{"rendered":"http:\/\/teddybear.rs\/shop\/nem-kategorizalt\/single-rose-red-white\/"},"modified":"2019-05-13T10:47:54","modified_gmt":"2019-05-13T10:47:54","slug":"single-rose-red-white","status":"publish","type":"product","link":"https:\/\/teddybear.rs\/hu\/shop\/egy-szal-rozsa\/single-rose-red-white\/","title":{"rendered":"Teddy Bear Single Rose\u00ae Red &#8211; White"},"content":{"rendered":"<p>Teddy Bear Single Rose\u00ae Red &#8211; White ide\u00e1lis aj\u00e1nd\u00e9k mindazoknak, akik szerelmesek, akiknek k\u00fcl\u00f6n\u00f6s figyelmet kell szentelni.<\/p>\n<p>A legszebb v\u00f6r\u00f6s r\u00f3zsa olyan ampull\u00e1t tartalmaz\u00f3 dobozba csomagolva, amely sok\u00e1ig frissebb\u00e9 teszi azt, mintha \u00e9ppen felvett\u00e9k volna. Ezen k\u00edv\u00fcl van egy \u00fczenet a dobozban, amit nem fogunk k\u00e9ts\u00e9gbe vonni, hogy fel\u00e9bressz\u00fck a szentelt szem\u00e9ly legm\u00e9lyebb \u00e9rzelmeit. Az Single Rose egy v\u00f6r\u00f6s r\u00f3zsa, feh\u00e9r \/ k\u00e9k d\u00edszdobozban, Greetengs k\u00e1rty\u00e1val (\u00fcdv\u00f6zl\u0151lap) \u00e9s szat\u00e9n \u00f6vvel.<\/p>\n","protected":false},"excerpt":{"rendered":"<p>Teddy Bear Single Rose\u00ae Red &#8211; White ide\u00e1lis aj\u00e1nd\u00e9k mindazoknak, akik szerelmesek, akiknek k\u00fcl\u00f6n\u00f6s figyelmet kell szentelni. A legszebb v\u00f6r\u00f6s r\u00f3zsa olyan ampull\u00e1t tartalmaz\u00f3 dobozba csomagolva,<span class=\"excerpt-hellip\"> [\u2026]<\/span><\/p>\n","protected":false},"featured_media":2034,"template":"","meta":[],"product_brand":[],"product_cat":[201,46],"product_tag":[52,306,53,307],"class_list":{"0":"post-2314","1":"product","2":"type-product","3":"status-publish","4":"has-post-thumbnail","6":"product_cat-egy-szal-rozsa","7":"product_cat-single-rose-2","8":"product_tag-single-rose","9":"product_tag-single-rose-hu","10":"product_tag-single-rose-white","11":"product_tag-single-rose-white-hu","13":"first","14":"instock","15":"shipping-taxable","16":"purchasable","17":"product-type-simple"},"_links":{"self":[{"href":"https:\/\/teddybear.rs\/hu\/wp-json\/wp\/v2\/product\/2314","targetHints":{"allow":["GET"]}}],"collection":[{"href":"https:\/\/teddybear.rs\/hu\/wp-json\/wp\/v2\/product"}],"about":[{"href":"https:\/\/teddybear.rs\/hu\/wp-json\/wp\/v2\/types\/product"}],"wp:featuredmedia":[{"embeddable":true,"href":"https:\/\/teddybear.rs\/hu\/wp-json\/wp\/v2\/media\/2034"}],"wp:attachment":[{"href":"https:\/\/teddybear.rs\/hu\/wp-json\/wp\/v2\/media?parent=2314"}],"wp:term":[{"taxonomy":"product_brand","embeddable":true,"href":"https:\/\/teddybear.rs\/hu\/wp-json\/wp\/v2\/product_brand?post=2314"},{"taxonomy":"product_cat","embeddable":true,"href":"https:\/\/teddybear.rs\/hu\/wp-json\/wp\/v2\/product_cat?post=2314"},{"taxonomy":"product_tag","embeddable":true,"href":"https:\/\/teddybear.rs\/hu\/wp-json\/wp\/v2\/product_tag?post=2314"}],"curies":[{"name":"wp","href":"https:\/\/api.w.org\/{rel}","templated":true}]}}