{"id":2287,"date":"2018-02-07T10:00:13","date_gmt":"2018-02-07T10:00:13","guid":{"rendered":"http:\/\/teddybear.rs\/shop\/nem-kategorizalt\/teddybear-3-5m-2\/"},"modified":"2019-05-07T13:45:23","modified_gmt":"2019-05-07T13:45:23","slug":"teddybear-3-5m-2","status":"publish","type":"product","link":"https:\/\/teddybear.rs\/hu\/shop\/pluss-mackok\/teddybear-3-5m-2\/","title":{"rendered":"Teddy Bear\u00ae 3.5m"},"content":{"rendered":"<p>Pl\u00fcss m\u00e9z m\u00e9rete 3,5 m, a lehet\u0151 legnagyobb meglepet\u00e9s\u00e9rt.<\/p>\n","protected":false},"excerpt":{"rendered":"<p>Pl\u00fcss m\u00e9z m\u00e9rete 3,5 m, a lehet\u0151 legnagyobb meglepet\u00e9s\u00e9rt.<\/p>\n","protected":false},"featured_media":2288,"template":"","meta":[],"product_brand":[],"product_cat":[193,111],"product_tag":[136,301,137,296],"class_list":{"0":"post-2287","1":"product","2":"type-product","3":"status-publish","4":"has-post-thumbnail","6":"product_cat-pluss-mackok","7":"product_cat-teddy-bear-plisane-mede-2","8":"product_tag-3-5m","9":"product_tag-3-5m-hu","10":"product_tag-theteddybear","11":"product_tag-theteddybear-hu","13":"first","14":"instock","15":"shipping-taxable","16":"purchasable","17":"product-type-simple"},"_links":{"self":[{"href":"https:\/\/teddybear.rs\/hu\/wp-json\/wp\/v2\/product\/2287","targetHints":{"allow":["GET"]}}],"collection":[{"href":"https:\/\/teddybear.rs\/hu\/wp-json\/wp\/v2\/product"}],"about":[{"href":"https:\/\/teddybear.rs\/hu\/wp-json\/wp\/v2\/types\/product"}],"wp:featuredmedia":[{"embeddable":true,"href":"https:\/\/teddybear.rs\/hu\/wp-json\/wp\/v2\/media\/2288"}],"wp:attachment":[{"href":"https:\/\/teddybear.rs\/hu\/wp-json\/wp\/v2\/media?parent=2287"}],"wp:term":[{"taxonomy":"product_brand","embeddable":true,"href":"https:\/\/teddybear.rs\/hu\/wp-json\/wp\/v2\/product_brand?post=2287"},{"taxonomy":"product_cat","embeddable":true,"href":"https:\/\/teddybear.rs\/hu\/wp-json\/wp\/v2\/product_cat?post=2287"},{"taxonomy":"product_tag","embeddable":true,"href":"https:\/\/teddybear.rs\/hu\/wp-json\/wp\/v2\/product_tag?post=2287"}],"curies":[{"name":"wp","href":"https:\/\/api.w.org\/{rel}","templated":true}]}}