{"id":2281,"date":"2018-02-06T10:04:39","date_gmt":"2018-02-06T10:04:39","guid":{"rendered":"http:\/\/teddybear.rs\/shop\/nem-kategorizalt\/theteddybear-black-crni-1-6m\/"},"modified":"2019-05-07T13:42:50","modified_gmt":"2019-05-07T13:42:50","slug":"theteddybear-black-crni-1-6m","status":"publish","type":"product","link":"https:\/\/teddybear.rs\/hu\/shop\/pluss-mackok\/theteddybear-black-crni-1-6m\/","title":{"rendered":"Teddy Bear\u00ae Crni 1.6m"},"content":{"rendered":"<p>Pl\u00fcss m\u00e9zmagass\u00e1g 1,6 m, fekete p\u00f3l\u00f3val \u00e9s Teddy Bear felirattal.<\/p>\n<p>Megjegyz\u00e9s:<\/p>\n<p>A medve m\u00e9rete +\/- 5% -os ar\u00e1nyban v\u00e1ltozhat.<\/p>\n","protected":false},"excerpt":{"rendered":"<p>Pl\u00fcss m\u00e9zmagass\u00e1g 1,6 m, fekete p\u00f3l\u00f3val \u00e9s Teddy Bear felirattal. Megjegyz\u00e9s: A medve m\u00e9rete +\/- 5% -os ar\u00e1nyban v\u00e1ltozhat.<\/p>\n","protected":false},"featured_media":2282,"template":"","meta":[],"product_brand":[],"product_cat":[193,111],"product_tag":[],"class_list":{"0":"post-2281","1":"product","2":"type-product","3":"status-publish","4":"has-post-thumbnail","6":"product_cat-pluss-mackok","7":"product_cat-teddy-bear-plisane-mede-2","9":"first","10":"instock","11":"shipping-taxable","12":"purchasable","13":"product-type-simple"},"_links":{"self":[{"href":"https:\/\/teddybear.rs\/hu\/wp-json\/wp\/v2\/product\/2281","targetHints":{"allow":["GET"]}}],"collection":[{"href":"https:\/\/teddybear.rs\/hu\/wp-json\/wp\/v2\/product"}],"about":[{"href":"https:\/\/teddybear.rs\/hu\/wp-json\/wp\/v2\/types\/product"}],"wp:featuredmedia":[{"embeddable":true,"href":"https:\/\/teddybear.rs\/hu\/wp-json\/wp\/v2\/media\/2282"}],"wp:attachment":[{"href":"https:\/\/teddybear.rs\/hu\/wp-json\/wp\/v2\/media?parent=2281"}],"wp:term":[{"taxonomy":"product_brand","embeddable":true,"href":"https:\/\/teddybear.rs\/hu\/wp-json\/wp\/v2\/product_brand?post=2281"},{"taxonomy":"product_cat","embeddable":true,"href":"https:\/\/teddybear.rs\/hu\/wp-json\/wp\/v2\/product_cat?post=2281"},{"taxonomy":"product_tag","embeddable":true,"href":"https:\/\/teddybear.rs\/hu\/wp-json\/wp\/v2\/product_tag?post=2281"}],"curies":[{"name":"wp","href":"https:\/\/api.w.org\/{rel}","templated":true}]}}