{"id":2280,"date":"2018-04-19T09:04:57","date_gmt":"2018-04-19T09:04:57","guid":{"rendered":"http:\/\/teddybear.rs\/shop\/nem-kategorizalt\/theteddy-bear-panda-30cm\/"},"modified":"2019-05-07T13:39:30","modified_gmt":"2019-05-07T13:39:30","slug":"theteddy-bear-panda-30cm","status":"publish","type":"product","link":"https:\/\/teddybear.rs\/hu\/shop\/pluss-mackok\/theteddy-bear-panda-30cm\/","title":{"rendered":"Teddy Bear\u00ae PANDA 30cm"},"content":{"rendered":"<p>A csomag egy pl\u00fcss pand\u00e1t tartalmaz egy fekete ingben, feh\u00e9r felirattal, \u00fcdv\u00f6zl\u0151lappal \u00e9s TTB dobozban.<\/p>\n","protected":false},"excerpt":{"rendered":"<p>A csomag egy pl\u00fcss pand\u00e1t tartalmaz egy fekete ingben, feh\u00e9r felirattal, \u00fcdv\u00f6zl\u0151lappal \u00e9s TTB dobozban.<\/p>\n","protected":false},"featured_media":2128,"template":"","meta":[],"product_brand":[],"product_cat":[193,111],"product_tag":[145,294,146,295],"class_list":{"0":"post-2280","1":"product","2":"type-product","3":"status-publish","4":"has-post-thumbnail","6":"product_cat-pluss-mackok","7":"product_cat-teddy-bear-plisane-mede-2","8":"product_tag-bear","9":"product_tag-bear-hu","10":"product_tag-panda","11":"product_tag-panda-hu","13":"first","14":"instock","15":"shipping-taxable","16":"purchasable","17":"product-type-simple"},"_links":{"self":[{"href":"https:\/\/teddybear.rs\/hu\/wp-json\/wp\/v2\/product\/2280","targetHints":{"allow":["GET"]}}],"collection":[{"href":"https:\/\/teddybear.rs\/hu\/wp-json\/wp\/v2\/product"}],"about":[{"href":"https:\/\/teddybear.rs\/hu\/wp-json\/wp\/v2\/types\/product"}],"wp:featuredmedia":[{"embeddable":true,"href":"https:\/\/teddybear.rs\/hu\/wp-json\/wp\/v2\/media\/2128"}],"wp:attachment":[{"href":"https:\/\/teddybear.rs\/hu\/wp-json\/wp\/v2\/media?parent=2280"}],"wp:term":[{"taxonomy":"product_brand","embeddable":true,"href":"https:\/\/teddybear.rs\/hu\/wp-json\/wp\/v2\/product_brand?post=2280"},{"taxonomy":"product_cat","embeddable":true,"href":"https:\/\/teddybear.rs\/hu\/wp-json\/wp\/v2\/product_cat?post=2280"},{"taxonomy":"product_tag","embeddable":true,"href":"https:\/\/teddybear.rs\/hu\/wp-json\/wp\/v2\/product_tag?post=2280"}],"curies":[{"name":"wp","href":"https:\/\/api.w.org\/{rel}","templated":true}]}}