{"id":2275,"date":"2018-02-07T09:29:07","date_gmt":"2018-02-07T09:29:07","guid":{"rendered":"http:\/\/teddybear.rs\/shop\/nem-kategorizalt\/teddybear-pink-30cm\/"},"modified":"2019-05-07T13:36:23","modified_gmt":"2019-05-07T13:36:23","slug":"teddybear-pink-30cm","status":"publish","type":"product","link":"https:\/\/teddybear.rs\/hu\/shop\/pluss-mackok\/teddybear-pink-30cm\/","title":{"rendered":"Teddy Bear\u00ae Pink 30cm"},"content":{"rendered":"<p>M\u00e9z 30 cm-es r\u00f3zsasz\u00edn p\u00f3l\u00f3ban egy d\u00edszdobozban, \u00fcdv\u00f6zl\u0151k\u00e1rty\u00e1val (\u00fcdv\u00f6zl\u0151lap).<\/p>\n","protected":false},"excerpt":{"rendered":"<p>M\u00e9z 30 cm-es r\u00f3zsasz\u00edn p\u00f3l\u00f3ban egy d\u00edszdobozban, \u00fcdv\u00f6zl\u0151k\u00e1rty\u00e1val (\u00fcdv\u00f6zl\u0151lap).<\/p>\n","protected":false},"featured_media":2276,"template":"","meta":[],"product_brand":[],"product_cat":[193,111],"product_tag":[69,264,123,287],"class_list":{"0":"post-2275","1":"product","2":"type-product","3":"status-publish","4":"has-post-thumbnail","6":"product_cat-pluss-mackok","7":"product_cat-teddy-bear-plisane-mede-2","8":"product_tag-plisani-meda","9":"product_tag-plisani-meda-hu","10":"product_tag-teddybear","11":"product_tag-teddybear-hu","13":"first","14":"instock","15":"shipping-taxable","16":"purchasable","17":"product-type-simple"},"_links":{"self":[{"href":"https:\/\/teddybear.rs\/hu\/wp-json\/wp\/v2\/product\/2275","targetHints":{"allow":["GET"]}}],"collection":[{"href":"https:\/\/teddybear.rs\/hu\/wp-json\/wp\/v2\/product"}],"about":[{"href":"https:\/\/teddybear.rs\/hu\/wp-json\/wp\/v2\/types\/product"}],"wp:featuredmedia":[{"embeddable":true,"href":"https:\/\/teddybear.rs\/hu\/wp-json\/wp\/v2\/media\/2276"}],"wp:attachment":[{"href":"https:\/\/teddybear.rs\/hu\/wp-json\/wp\/v2\/media?parent=2275"}],"wp:term":[{"taxonomy":"product_brand","embeddable":true,"href":"https:\/\/teddybear.rs\/hu\/wp-json\/wp\/v2\/product_brand?post=2275"},{"taxonomy":"product_cat","embeddable":true,"href":"https:\/\/teddybear.rs\/hu\/wp-json\/wp\/v2\/product_cat?post=2275"},{"taxonomy":"product_tag","embeddable":true,"href":"https:\/\/teddybear.rs\/hu\/wp-json\/wp\/v2\/product_tag?post=2275"}],"curies":[{"name":"wp","href":"https:\/\/api.w.org\/{rel}","templated":true}]}}