{"id":2272,"date":"2018-02-07T09:42:45","date_gmt":"2018-02-07T09:42:45","guid":{"rendered":"http:\/\/teddybear.rs\/shop\/nem-kategorizalt\/teddy-bear-rose-1-6m\/"},"modified":"2019-05-07T13:33:11","modified_gmt":"2019-05-07T13:33:11","slug":"teddy-bear-rose-1-6m","status":"publish","type":"product","link":"https:\/\/teddybear.rs\/hu\/shop\/pluss-mackok\/teddy-bear-rose-1-6m\/","title":{"rendered":"Teddy Bear\u00ae Rose 1.6m"},"content":{"rendered":"<p>Pl\u00fcss m\u00e9zmagass\u00e1g 1,6 m, r\u00f3zsasz\u00edn inget \u00e9s Teddy Bear feliratot.<\/p>\n","protected":false},"excerpt":{"rendered":"<p>Pl\u00fcss m\u00e9zmagass\u00e1g 1,6 m, r\u00f3zsasz\u00edn inget \u00e9s Teddy Bear feliratot.<\/p>\n","protected":false},"featured_media":2273,"template":"","meta":[],"product_brand":[],"product_cat":[193],"product_tag":[287],"class_list":{"0":"post-2272","1":"product","2":"type-product","3":"status-publish","4":"has-post-thumbnail","6":"product_cat-pluss-mackok","7":"product_tag-teddybear-hu","9":"first","10":"instock","11":"shipping-taxable","12":"purchasable","13":"product-type-simple"},"_links":{"self":[{"href":"https:\/\/teddybear.rs\/hu\/wp-json\/wp\/v2\/product\/2272","targetHints":{"allow":["GET"]}}],"collection":[{"href":"https:\/\/teddybear.rs\/hu\/wp-json\/wp\/v2\/product"}],"about":[{"href":"https:\/\/teddybear.rs\/hu\/wp-json\/wp\/v2\/types\/product"}],"wp:featuredmedia":[{"embeddable":true,"href":"https:\/\/teddybear.rs\/hu\/wp-json\/wp\/v2\/media\/2273"}],"wp:attachment":[{"href":"https:\/\/teddybear.rs\/hu\/wp-json\/wp\/v2\/media?parent=2272"}],"wp:term":[{"taxonomy":"product_brand","embeddable":true,"href":"https:\/\/teddybear.rs\/hu\/wp-json\/wp\/v2\/product_brand?post=2272"},{"taxonomy":"product_cat","embeddable":true,"href":"https:\/\/teddybear.rs\/hu\/wp-json\/wp\/v2\/product_cat?post=2272"},{"taxonomy":"product_tag","embeddable":true,"href":"https:\/\/teddybear.rs\/hu\/wp-json\/wp\/v2\/product_tag?post=2272"}],"curies":[{"name":"wp","href":"https:\/\/api.w.org\/{rel}","templated":true}]}}