{"id":2266,"date":"2018-04-25T13:17:43","date_gmt":"2018-04-25T13:17:43","guid":{"rendered":"http:\/\/teddybear.rs\/shop\/nem-kategorizalt\/teddybear-white-2m\/"},"modified":"2019-05-07T13:17:11","modified_gmt":"2019-05-07T13:17:11","slug":"teddybear-white-2m","status":"publish","type":"product","link":"https:\/\/teddybear.rs\/hu\/shop\/pluss-mackok\/teddybear-white-2m\/","title":{"rendered":"Teddy Bear\u00ae White 2m"},"content":{"rendered":"<p>A Teddy Bear White\u00ae 2m egy feh\u00e9r pl\u00fcss m\u00e9z, amely a legkiv\u00e1l\u00f3bb anyagb\u00f3l k\u00e9sz\u00fclt, a Teddy Bear log\u00f3val, amely kifinomult megjelen\u00e9st biztos\u00edt. Mi garant\u00e1ljuk, hogy els\u0151 pillant\u00e1sra beleszeretsz vele! \ud83d\ude09<\/p>\n","protected":false},"excerpt":{"rendered":"<p>A Teddy Bear White\u00ae 2m egy feh\u00e9r pl\u00fcss m\u00e9z, amely a legkiv\u00e1l\u00f3bb anyagb\u00f3l k\u00e9sz\u00fclt, a Teddy Bear log\u00f3val, amely kifinomult megjelen\u00e9st biztos\u00edt. Mi garant\u00e1ljuk, hogy els\u0151<span class=\"excerpt-hellip\"> [\u2026]<\/span><\/p>\n","protected":false},"featured_media":2267,"template":"","meta":[],"product_brand":[],"product_cat":[193,111],"product_tag":[158,280],"class_list":{"0":"post-2266","1":"product","2":"type-product","3":"status-publish","4":"has-post-thumbnail","6":"product_cat-pluss-mackok","7":"product_cat-teddy-bear-plisane-mede-2","8":"product_tag-plisane-mede","9":"product_tag-plisane-mede-hu","11":"first","12":"instock","13":"shipping-taxable","14":"purchasable","15":"product-type-simple"},"_links":{"self":[{"href":"https:\/\/teddybear.rs\/hu\/wp-json\/wp\/v2\/product\/2266","targetHints":{"allow":["GET"]}}],"collection":[{"href":"https:\/\/teddybear.rs\/hu\/wp-json\/wp\/v2\/product"}],"about":[{"href":"https:\/\/teddybear.rs\/hu\/wp-json\/wp\/v2\/types\/product"}],"wp:featuredmedia":[{"embeddable":true,"href":"https:\/\/teddybear.rs\/hu\/wp-json\/wp\/v2\/media\/2267"}],"wp:attachment":[{"href":"https:\/\/teddybear.rs\/hu\/wp-json\/wp\/v2\/media?parent=2266"}],"wp:term":[{"taxonomy":"product_brand","embeddable":true,"href":"https:\/\/teddybear.rs\/hu\/wp-json\/wp\/v2\/product_brand?post=2266"},{"taxonomy":"product_cat","embeddable":true,"href":"https:\/\/teddybear.rs\/hu\/wp-json\/wp\/v2\/product_cat?post=2266"},{"taxonomy":"product_tag","embeddable":true,"href":"https:\/\/teddybear.rs\/hu\/wp-json\/wp\/v2\/product_tag?post=2266"}],"curies":[{"name":"wp","href":"https:\/\/api.w.org\/{rel}","templated":true}]}}