{"id":2258,"date":"2017-11-14T10:34:10","date_gmt":"2017-11-14T10:34:10","guid":{"rendered":"http:\/\/teddybear.rs\/shop\/nem-kategorizalt\/teddy-bear-goldenblue-1m\/"},"modified":"2019-05-07T13:14:16","modified_gmt":"2019-05-07T13:14:16","slug":"teddy-bear-goldenblue-1m","status":"publish","type":"product","link":"https:\/\/teddybear.rs\/hu\/shop\/pluss-mackok\/teddy-bear-goldenblue-1m\/","title":{"rendered":"Teddy Bear GoldenBlue\u00ae 1m"},"content":{"rendered":"<p>Pl\u00fcss m\u00e9z, 1 m\u00e9ter magas, k\u00e9k p\u00f3l\u00f3val \u00e9s arany felirattal.<\/p>\n","protected":false},"excerpt":{"rendered":"<p>Pl\u00fcss m\u00e9z, 1 m\u00e9ter magas, k\u00e9k p\u00f3l\u00f3val \u00e9s arany felirattal.<\/p>\n","protected":false},"featured_media":2259,"template":"","meta":[],"product_brand":[],"product_cat":[193,111],"product_tag":[18,272,19,273],"class_list":{"0":"post-2258","1":"product","2":"type-product","3":"status-publish","4":"has-post-thumbnail","6":"product_cat-pluss-mackok","7":"product_cat-teddy-bear-plisane-mede-2","8":"product_tag-medvedi","9":"product_tag-medvedi-hu","10":"product_tag-plisenjaci","11":"product_tag-plisenjaci-hu","13":"first","14":"outofstock","15":"shipping-taxable","16":"purchasable","17":"product-type-simple"},"_links":{"self":[{"href":"https:\/\/teddybear.rs\/hu\/wp-json\/wp\/v2\/product\/2258","targetHints":{"allow":["GET"]}}],"collection":[{"href":"https:\/\/teddybear.rs\/hu\/wp-json\/wp\/v2\/product"}],"about":[{"href":"https:\/\/teddybear.rs\/hu\/wp-json\/wp\/v2\/types\/product"}],"wp:featuredmedia":[{"embeddable":true,"href":"https:\/\/teddybear.rs\/hu\/wp-json\/wp\/v2\/media\/2259"}],"wp:attachment":[{"href":"https:\/\/teddybear.rs\/hu\/wp-json\/wp\/v2\/media?parent=2258"}],"wp:term":[{"taxonomy":"product_brand","embeddable":true,"href":"https:\/\/teddybear.rs\/hu\/wp-json\/wp\/v2\/product_brand?post=2258"},{"taxonomy":"product_cat","embeddable":true,"href":"https:\/\/teddybear.rs\/hu\/wp-json\/wp\/v2\/product_cat?post=2258"},{"taxonomy":"product_tag","embeddable":true,"href":"https:\/\/teddybear.rs\/hu\/wp-json\/wp\/v2\/product_tag?post=2258"}],"curies":[{"name":"wp","href":"https:\/\/api.w.org\/{rel}","templated":true}]}}