{"id":2250,"date":"2017-11-14T10:26:59","date_gmt":"2017-11-14T10:26:59","guid":{"rendered":"http:\/\/teddybear.rs\/shop\/nem-kategorizalt\/teddy-bear-1m-2\/"},"modified":"2019-05-07T13:08:02","modified_gmt":"2019-05-07T13:08:02","slug":"teddy-bear-1m-2","status":"publish","type":"product","link":"https:\/\/teddybear.rs\/hu\/shop\/pluss-mackok\/teddy-bear-1m-2\/","title":{"rendered":"Teddy Bear\u00ae 1m"},"content":{"rendered":"<p>Pl\u00fcss m\u00e9z, 1 m\u00e9ter magas, fekete p\u00f3l\u00f3val.<\/p>\n","protected":false},"excerpt":{"rendered":"<p>Pl\u00fcss m\u00e9z, 1 m\u00e9ter magas, fekete p\u00f3l\u00f3val.<\/p>\n","protected":false},"featured_media":2251,"template":"","meta":[],"product_brand":[],"product_cat":[193],"product_tag":[272,273],"class_list":{"0":"post-2250","1":"product","2":"type-product","3":"status-publish","4":"has-post-thumbnail","6":"product_cat-pluss-mackok","7":"product_tag-medvedi-hu","8":"product_tag-plisenjaci-hu","10":"first","11":"instock","12":"shipping-taxable","13":"purchasable","14":"product-type-simple"},"_links":{"self":[{"href":"https:\/\/teddybear.rs\/hu\/wp-json\/wp\/v2\/product\/2250","targetHints":{"allow":["GET"]}}],"collection":[{"href":"https:\/\/teddybear.rs\/hu\/wp-json\/wp\/v2\/product"}],"about":[{"href":"https:\/\/teddybear.rs\/hu\/wp-json\/wp\/v2\/types\/product"}],"wp:featuredmedia":[{"embeddable":true,"href":"https:\/\/teddybear.rs\/hu\/wp-json\/wp\/v2\/media\/2251"}],"wp:attachment":[{"href":"https:\/\/teddybear.rs\/hu\/wp-json\/wp\/v2\/media?parent=2250"}],"wp:term":[{"taxonomy":"product_brand","embeddable":true,"href":"https:\/\/teddybear.rs\/hu\/wp-json\/wp\/v2\/product_brand?post=2250"},{"taxonomy":"product_cat","embeddable":true,"href":"https:\/\/teddybear.rs\/hu\/wp-json\/wp\/v2\/product_cat?post=2250"},{"taxonomy":"product_tag","embeddable":true,"href":"https:\/\/teddybear.rs\/hu\/wp-json\/wp\/v2\/product_tag?post=2250"}],"curies":[{"name":"wp","href":"https:\/\/api.w.org\/{rel}","templated":true}]}}