{"id":2248,"date":"2017-12-08T09:28:07","date_gmt":"2017-12-08T09:28:07","guid":{"rendered":"http:\/\/teddybear.rs\/shop\/nem-kategorizalt\/teddybear-30cm\/"},"modified":"2019-05-07T13:05:03","modified_gmt":"2019-05-07T13:05:03","slug":"teddybear-30cm","status":"publish","type":"product","link":"https:\/\/teddybear.rs\/hu\/shop\/pluss-mackok\/teddybear-30cm\/","title":{"rendered":"Teddy Bear\u00ae Classic 30cm"},"content":{"rendered":"<p>Teddy Bear\u00ae Classic 30cm, fekete inget d\u00edsz\u00edt\u0151 dobozban, \u00fcdv\u00f6zl\u0151lappal \u00e9s szat\u00e9n szalaggal.<\/p>\n","protected":false},"excerpt":{"rendered":"<p>Teddy Bear\u00ae Classic 30cm, fekete inget d\u00edsz\u00edt\u0151 dobozban, \u00fcdv\u00f6zl\u0151lappal \u00e9s szat\u00e9n szalaggal.<\/p>\n","protected":false},"featured_media":2125,"template":"","meta":[],"product_brand":[],"product_cat":[193,111],"product_tag":[68,270,50,248,69,264],"class_list":{"0":"post-2248","1":"product","2":"type-product","3":"status-publish","4":"has-post-thumbnail","6":"product_cat-pluss-mackok","7":"product_cat-teddy-bear-plisane-mede-2","8":"product_tag-meda","9":"product_tag-meda-hu","10":"product_tag-plis","11":"product_tag-plis-hu","12":"product_tag-plisani-meda","13":"product_tag-plisani-meda-hu","15":"first","16":"instock","17":"shipping-taxable","18":"purchasable","19":"product-type-simple"},"_links":{"self":[{"href":"https:\/\/teddybear.rs\/hu\/wp-json\/wp\/v2\/product\/2248","targetHints":{"allow":["GET"]}}],"collection":[{"href":"https:\/\/teddybear.rs\/hu\/wp-json\/wp\/v2\/product"}],"about":[{"href":"https:\/\/teddybear.rs\/hu\/wp-json\/wp\/v2\/types\/product"}],"wp:featuredmedia":[{"embeddable":true,"href":"https:\/\/teddybear.rs\/hu\/wp-json\/wp\/v2\/media\/2125"}],"wp:attachment":[{"href":"https:\/\/teddybear.rs\/hu\/wp-json\/wp\/v2\/media?parent=2248"}],"wp:term":[{"taxonomy":"product_brand","embeddable":true,"href":"https:\/\/teddybear.rs\/hu\/wp-json\/wp\/v2\/product_brand?post=2248"},{"taxonomy":"product_cat","embeddable":true,"href":"https:\/\/teddybear.rs\/hu\/wp-json\/wp\/v2\/product_cat?post=2248"},{"taxonomy":"product_tag","embeddable":true,"href":"https:\/\/teddybear.rs\/hu\/wp-json\/wp\/v2\/product_tag?post=2248"}],"curies":[{"name":"wp","href":"https:\/\/api.w.org\/{rel}","templated":true}]}}