{"id":2246,"date":"2017-12-08T09:31:15","date_gmt":"2017-12-08T09:31:15","guid":{"rendered":"http:\/\/teddybear.rs\/shop\/nem-kategorizalt\/teddybear-goldenblue-30cm\/"},"modified":"2019-05-07T13:01:36","modified_gmt":"2019-05-07T13:01:36","slug":"teddybear-goldenblue-30cm","status":"publish","type":"product","link":"https:\/\/teddybear.rs\/hu\/shop\/pluss-mackok\/teddybear-goldenblue-30cm\/","title":{"rendered":"Teddy Bear GoldenBlue\u00ae 30cm"},"content":{"rendered":"<p>A m\u00e9z 30 cm m\u00e9ret\u0171, p\u00f3l\u00f3val \u00e9s arany nyelvvel d\u00edsz\u00edtett d\u00edszdobozban, \u00fcdv\u00f6zl\u0151lappal \u00e9s szat\u00e9n szalaggal.<\/p>\n","protected":false},"excerpt":{"rendered":"<p>A m\u00e9z 30 cm m\u00e9ret\u0171, p\u00f3l\u00f3val \u00e9s arany nyelvvel d\u00edsz\u00edtett d\u00edszdobozban, \u00fcdv\u00f6zl\u0151lappal \u00e9s szat\u00e9n szalaggal.<\/p>\n","protected":false},"featured_media":2247,"template":"","meta":[],"product_brand":[],"product_cat":[193,111],"product_tag":[90,269],"class_list":{"0":"post-2246","1":"product","2":"type-product","3":"status-publish","4":"has-post-thumbnail","6":"product_cat-pluss-mackok","7":"product_cat-teddy-bear-plisane-mede-2","8":"product_tag-meda-30cm","9":"product_tag-meda-30cm-hu","11":"first","12":"instock","13":"shipping-taxable","14":"purchasable","15":"product-type-simple"},"_links":{"self":[{"href":"https:\/\/teddybear.rs\/hu\/wp-json\/wp\/v2\/product\/2246","targetHints":{"allow":["GET"]}}],"collection":[{"href":"https:\/\/teddybear.rs\/hu\/wp-json\/wp\/v2\/product"}],"about":[{"href":"https:\/\/teddybear.rs\/hu\/wp-json\/wp\/v2\/types\/product"}],"wp:featuredmedia":[{"embeddable":true,"href":"https:\/\/teddybear.rs\/hu\/wp-json\/wp\/v2\/media\/2247"}],"wp:attachment":[{"href":"https:\/\/teddybear.rs\/hu\/wp-json\/wp\/v2\/media?parent=2246"}],"wp:term":[{"taxonomy":"product_brand","embeddable":true,"href":"https:\/\/teddybear.rs\/hu\/wp-json\/wp\/v2\/product_brand?post=2246"},{"taxonomy":"product_cat","embeddable":true,"href":"https:\/\/teddybear.rs\/hu\/wp-json\/wp\/v2\/product_cat?post=2246"},{"taxonomy":"product_tag","embeddable":true,"href":"https:\/\/teddybear.rs\/hu\/wp-json\/wp\/v2\/product_tag?post=2246"}],"curies":[{"name":"wp","href":"https:\/\/api.w.org\/{rel}","templated":true}]}}