{"id":2238,"date":"2017-12-08T09:40:06","date_gmt":"2017-12-08T09:40:06","guid":{"rendered":"http:\/\/teddybear.rs\/shop\/nem-kategorizalt\/teddybear-yellow-30cm\/"},"modified":"2019-05-07T12:57:44","modified_gmt":"2019-05-07T12:57:44","slug":"teddybear-yellow-30cm","status":"publish","type":"product","link":"https:\/\/teddybear.rs\/hu\/shop\/pluss-mackok\/teddybear-yellow-30cm\/","title":{"rendered":"Teddy Bear\u00ae Yellow 30cm"},"content":{"rendered":"<p>A m\u00e9z 30cm-es s\u00e1rga inget d\u00edsz\u00edt\u0151 dobozban, \u00fcdv\u00f6zl\u0151lappal \u00e9s szat\u00e9n szalaggal.<\/p>\n","protected":false},"excerpt":{"rendered":"<p>A m\u00e9z 30cm-es s\u00e1rga inget d\u00edsz\u00edt\u0151 dobozban, \u00fcdv\u00f6zl\u0151lappal \u00e9s szat\u00e9n szalaggal.<\/p>\n","protected":false},"featured_media":2240,"template":"","meta":[],"product_brand":[],"product_cat":[193,111],"product_tag":[69,264,93,265],"class_list":{"0":"post-2238","1":"product","2":"type-product","3":"status-publish","4":"has-post-thumbnail","6":"product_cat-pluss-mackok","7":"product_cat-teddy-bear-plisane-mede-2","8":"product_tag-plisani-meda","9":"product_tag-plisani-meda-hu","10":"product_tag-zuta-majica","11":"product_tag-zuta-majica-hu","13":"first","14":"instock","15":"shipping-taxable","16":"purchasable","17":"product-type-simple"},"_links":{"self":[{"href":"https:\/\/teddybear.rs\/hu\/wp-json\/wp\/v2\/product\/2238","targetHints":{"allow":["GET"]}}],"collection":[{"href":"https:\/\/teddybear.rs\/hu\/wp-json\/wp\/v2\/product"}],"about":[{"href":"https:\/\/teddybear.rs\/hu\/wp-json\/wp\/v2\/types\/product"}],"wp:featuredmedia":[{"embeddable":true,"href":"https:\/\/teddybear.rs\/hu\/wp-json\/wp\/v2\/media\/2240"}],"wp:attachment":[{"href":"https:\/\/teddybear.rs\/hu\/wp-json\/wp\/v2\/media?parent=2238"}],"wp:term":[{"taxonomy":"product_brand","embeddable":true,"href":"https:\/\/teddybear.rs\/hu\/wp-json\/wp\/v2\/product_brand?post=2238"},{"taxonomy":"product_cat","embeddable":true,"href":"https:\/\/teddybear.rs\/hu\/wp-json\/wp\/v2\/product_cat?post=2238"},{"taxonomy":"product_tag","embeddable":true,"href":"https:\/\/teddybear.rs\/hu\/wp-json\/wp\/v2\/product_tag?post=2238"}],"curies":[{"name":"wp","href":"https:\/\/api.w.org\/{rel}","templated":true}]}}