{"id":2223,"date":"2019-02-19T10:17:31","date_gmt":"2019-02-19T10:17:31","guid":{"rendered":"http:\/\/teddybear.rs\/shop\/nem-kategorizalt\/raffaello-box-single-rose-red\/"},"modified":"2019-05-01T10:15:54","modified_gmt":"2019-05-01T10:15:54","slug":"raffaello-box-single-rose-red","status":"publish","type":"product","link":"https:\/\/teddybear.rs\/hu\/shop\/teddy-bear-keszletek\/raffaello-box-single-rose-red\/","title":{"rendered":"Raffaello Box + Single Rose Red"},"content":{"rendered":"<p>Nincs olyan szem\u00e9ly, aki nem az \u00e9des Raffaello gy\u00f6ngy\u00f6k rajong\u00f3ja, m\u00e9g akkor is, ha hozz\u00e1adjuk, \u00e9s egy r\u00f3zsa elk\u00f6telezetts\u00e9ggel, az aj\u00e1nd\u00e9kok ellen\u00e1llhatatlan kombin\u00e1ci\u00f3j\u00e1t kapjuk.<\/p>\n","protected":false},"excerpt":{"rendered":"<p>Nincs olyan szem\u00e9ly, aki nem az \u00e9des Raffaello gy\u00f6ngy\u00f6k rajong\u00f3ja, m\u00e9g akkor is, ha hozz\u00e1adjuk, \u00e9s egy r\u00f3zsa elk\u00f6telezetts\u00e9ggel, az aj\u00e1nd\u00e9kok ellen\u00e1llhatatlan kombin\u00e1ci\u00f3j\u00e1t kapjuk.<\/p>\n","protected":false},"featured_media":2224,"template":"","meta":[],"product_brand":[],"product_cat":[195,178],"product_tag":[],"class_list":{"0":"post-2223","1":"product","2":"type-product","3":"status-publish","4":"has-post-thumbnail","6":"product_cat-teddy-bear-keszletek","7":"product_cat-teddy-bear-setovi","9":"first","10":"instock","11":"sale","12":"shipping-taxable","13":"purchasable","14":"product-type-simple"},"_links":{"self":[{"href":"https:\/\/teddybear.rs\/hu\/wp-json\/wp\/v2\/product\/2223","targetHints":{"allow":["GET"]}}],"collection":[{"href":"https:\/\/teddybear.rs\/hu\/wp-json\/wp\/v2\/product"}],"about":[{"href":"https:\/\/teddybear.rs\/hu\/wp-json\/wp\/v2\/types\/product"}],"wp:featuredmedia":[{"embeddable":true,"href":"https:\/\/teddybear.rs\/hu\/wp-json\/wp\/v2\/media\/2224"}],"wp:attachment":[{"href":"https:\/\/teddybear.rs\/hu\/wp-json\/wp\/v2\/media?parent=2223"}],"wp:term":[{"taxonomy":"product_brand","embeddable":true,"href":"https:\/\/teddybear.rs\/hu\/wp-json\/wp\/v2\/product_brand?post=2223"},{"taxonomy":"product_cat","embeddable":true,"href":"https:\/\/teddybear.rs\/hu\/wp-json\/wp\/v2\/product_cat?post=2223"},{"taxonomy":"product_tag","embeddable":true,"href":"https:\/\/teddybear.rs\/hu\/wp-json\/wp\/v2\/product_tag?post=2223"}],"curies":[{"name":"wp","href":"https:\/\/api.w.org\/{rel}","templated":true}]}}