{"id":2217,"date":"2019-02-19T10:48:28","date_gmt":"2019-02-19T10:48:28","guid":{"rendered":"http:\/\/teddybear.rs\/shop\/nem-kategorizalt\/ferrero-box-single-rose-red\/"},"modified":"2019-05-01T10:12:49","modified_gmt":"2019-05-01T10:12:49","slug":"ferrero-box-single-rose-red","status":"publish","type":"product","link":"https:\/\/teddybear.rs\/hu\/shop\/teddy-bear-keszletek\/ferrero-box-single-rose-red\/","title":{"rendered":"Teddy Bear \u00ae Ferrero Box + Single Rose \u00ae Red"},"content":{"rendered":"<p><strong>Teddy Bear \u00ae Ferrero Box + Single Rose \u00ae Red,<\/strong> A Ferrero-goly\u00f3k \u00e9s az \u00fczenettel rendelkez\u0151 r\u00f3zs\u00e1k verhetetlen v\u00e1laszt\u00e1s \u00e9s ide\u00e1lis aj\u00e1nd\u00e9k minden n\u0151nek.<\/p>\n","protected":false},"excerpt":{"rendered":"<p><strong>Teddy Bear \u00ae Ferrero Box + Single Rose \u00ae Red,<\/strong> Ferrero kuglice i ruza sa porukom su nepogresiv izbor i idealan poklon za svaku zenu.<\/p>\n","protected":false},"featured_media":2218,"template":"","meta":[],"product_brand":[],"product_cat":[195,178],"product_tag":[],"class_list":{"0":"post-2217","1":"product","2":"type-product","3":"status-publish","4":"has-post-thumbnail","6":"product_cat-teddy-bear-keszletek","7":"product_cat-teddy-bear-setovi","9":"first","10":"instock","11":"sale","12":"shipping-taxable","13":"purchasable","14":"product-type-simple"},"_links":{"self":[{"href":"https:\/\/teddybear.rs\/hu\/wp-json\/wp\/v2\/product\/2217","targetHints":{"allow":["GET"]}}],"collection":[{"href":"https:\/\/teddybear.rs\/hu\/wp-json\/wp\/v2\/product"}],"about":[{"href":"https:\/\/teddybear.rs\/hu\/wp-json\/wp\/v2\/types\/product"}],"wp:featuredmedia":[{"embeddable":true,"href":"https:\/\/teddybear.rs\/hu\/wp-json\/wp\/v2\/media\/2218"}],"wp:attachment":[{"href":"https:\/\/teddybear.rs\/hu\/wp-json\/wp\/v2\/media?parent=2217"}],"wp:term":[{"taxonomy":"product_brand","embeddable":true,"href":"https:\/\/teddybear.rs\/hu\/wp-json\/wp\/v2\/product_brand?post=2217"},{"taxonomy":"product_cat","embeddable":true,"href":"https:\/\/teddybear.rs\/hu\/wp-json\/wp\/v2\/product_cat?post=2217"},{"taxonomy":"product_tag","embeddable":true,"href":"https:\/\/teddybear.rs\/hu\/wp-json\/wp\/v2\/product_tag?post=2217"}],"curies":[{"name":"wp","href":"https:\/\/api.w.org\/{rel}","templated":true}]}}