{"id":2183,"date":"2018-05-15T12:20:41","date_gmt":"2018-05-15T12:20:41","guid":{"rendered":"http:\/\/teddybear.rs\/shop\/nem-kategorizalt\/teddybear-big-heart\/"},"modified":"2019-04-25T12:41:55","modified_gmt":"2019-04-25T12:41:55","slug":"teddybear-big-heart","status":"publish","type":"product","link":"https:\/\/teddybear.rs\/hu\/shop\/pluss-szivek\/teddybear-big-heart\/","title":{"rendered":"Teddy Bear Big Heart\u00ae"},"content":{"rendered":"<h3>Teddy Bear Big Heart\u00ae<\/h3>\n<p>A n\u0151k folyamatosan azt mondj\u00e1k, hogy a m\u0171vek fontosabbak, mint a szavak, \u00e9s hogy a f\u00e9rfiak nem el\u00e9g romantikusak, vagy nem mutatj\u00e1k, hogy gondolkodnak r\u00f3luk \u00e9s mikor nincsenek vel\u00fck.<\/p>\n<p>Egy nagy sz\u00edv nagy \u00e9rzelmeket fog kifejezni &#8211; szeretet, csod\u00e1lat, r\u00e9szv\u00e9tel, romantika. Ez a bossz\u00fas, l\u00e1gy sz\u00edv meggy\u0151zi a legmegb\u00edzhat\u00f3bb n\u0151t, hogy az ember komoly, amikor azt mondja, hogy fontos neki.<\/p>\n","protected":false},"excerpt":{"rendered":"<p>Teddy Bear Big Heart\u00ae A n\u0151k folyamatosan azt mondj\u00e1k, hogy a m\u0171vek fontosabbak, mint a szavak, \u00e9s hogy a f\u00e9rfiak nem el\u00e9g romantikusak, vagy nem mutatj\u00e1k,<span class=\"excerpt-hellip\"> [\u2026]<\/span><\/p>\n","protected":false},"featured_media":2182,"template":"","meta":[],"product_brand":[],"product_cat":[199],"product_tag":[262,263],"class_list":{"0":"post-2183","1":"product","2":"type-product","3":"status-publish","4":"has-post-thumbnail","6":"product_cat-pluss-szivek","7":"product_tag-big-heart-hu","8":"product_tag-theteddybear-big-heart-hu","10":"first","11":"instock","12":"shipping-taxable","13":"purchasable","14":"product-type-simple"},"_links":{"self":[{"href":"https:\/\/teddybear.rs\/hu\/wp-json\/wp\/v2\/product\/2183","targetHints":{"allow":["GET"]}}],"collection":[{"href":"https:\/\/teddybear.rs\/hu\/wp-json\/wp\/v2\/product"}],"about":[{"href":"https:\/\/teddybear.rs\/hu\/wp-json\/wp\/v2\/types\/product"}],"wp:featuredmedia":[{"embeddable":true,"href":"https:\/\/teddybear.rs\/hu\/wp-json\/wp\/v2\/media\/2182"}],"wp:attachment":[{"href":"https:\/\/teddybear.rs\/hu\/wp-json\/wp\/v2\/media?parent=2183"}],"wp:term":[{"taxonomy":"product_brand","embeddable":true,"href":"https:\/\/teddybear.rs\/hu\/wp-json\/wp\/v2\/product_brand?post=2183"},{"taxonomy":"product_cat","embeddable":true,"href":"https:\/\/teddybear.rs\/hu\/wp-json\/wp\/v2\/product_cat?post=2183"},{"taxonomy":"product_tag","embeddable":true,"href":"https:\/\/teddybear.rs\/hu\/wp-json\/wp\/v2\/product_tag?post=2183"}],"curies":[{"name":"wp","href":"https:\/\/api.w.org\/{rel}","templated":true}]}}