{"id":2176,"date":"2018-07-10T09:53:12","date_gmt":"2018-07-10T09:53:12","guid":{"rendered":"http:\/\/teddybear.rs\/shop\/nem-kategorizalt\/teddybear-big-heart-pink\/"},"modified":"2019-04-25T12:38:07","modified_gmt":"2019-04-25T12:38:07","slug":"teddybear-big-heart-pink","status":"publish","type":"product","link":"https:\/\/teddybear.rs\/hu\/shop\/pluss-szivek\/teddybear-big-heart-pink\/","title":{"rendered":"Teddy Bear Big Heart\u00ae Pink"},"content":{"rendered":"<p>Csod\u00e1lkozz meg kedves szem\u00e9lyeddel egy sz\u00e9p szem\u00e9lyre szabott aj\u00e1nd\u00e9kkal, \u00e9s gy\u0151z\u0151dj meg r\u00f3la, hogy minden alkalommal, amikor megl\u00e1tod, eml\u00e9kszel.<\/p>\n","protected":false},"excerpt":{"rendered":"<p>Csod\u00e1lkozz meg kedves szem\u00e9lyeddel egy sz\u00e9p szem\u00e9lyre szabott aj\u00e1nd\u00e9kkal, \u00e9s gy\u0151z\u0151dj meg r\u00f3la, hogy minden alkalommal, amikor megl\u00e1tod, eml\u00e9kszel.<\/p>\n","protected":false},"featured_media":1932,"template":"","meta":[],"product_brand":[],"product_cat":[199],"product_tag":[],"class_list":{"0":"post-2176","1":"product","2":"type-product","3":"status-publish","4":"has-post-thumbnail","6":"product_cat-pluss-szivek","8":"first","9":"instock","10":"shipping-taxable","11":"purchasable","12":"product-type-simple"},"_links":{"self":[{"href":"https:\/\/teddybear.rs\/hu\/wp-json\/wp\/v2\/product\/2176","targetHints":{"allow":["GET"]}}],"collection":[{"href":"https:\/\/teddybear.rs\/hu\/wp-json\/wp\/v2\/product"}],"about":[{"href":"https:\/\/teddybear.rs\/hu\/wp-json\/wp\/v2\/types\/product"}],"wp:featuredmedia":[{"embeddable":true,"href":"https:\/\/teddybear.rs\/hu\/wp-json\/wp\/v2\/media\/1932"}],"wp:attachment":[{"href":"https:\/\/teddybear.rs\/hu\/wp-json\/wp\/v2\/media?parent=2176"}],"wp:term":[{"taxonomy":"product_brand","embeddable":true,"href":"https:\/\/teddybear.rs\/hu\/wp-json\/wp\/v2\/product_brand?post=2176"},{"taxonomy":"product_cat","embeddable":true,"href":"https:\/\/teddybear.rs\/hu\/wp-json\/wp\/v2\/product_cat?post=2176"},{"taxonomy":"product_tag","embeddable":true,"href":"https:\/\/teddybear.rs\/hu\/wp-json\/wp\/v2\/product_tag?post=2176"}],"curies":[{"name":"wp","href":"https:\/\/api.w.org\/{rel}","templated":true}]}}