{"id":2174,"date":"2018-02-07T10:25:30","date_gmt":"2018-02-07T10:25:30","guid":{"rendered":"http:\/\/teddybear.rs\/shop\/nem-kategorizalt\/teddybear-30cm-goldenred-roberto-cavalli-heart-red-sa-porukom\/"},"modified":"2019-04-25T12:34:11","modified_gmt":"2019-04-25T12:34:11","slug":"teddybear-30cm-goldenred-roberto-cavalli-heart-red-sa-porukom","status":"publish","type":"product","link":"https:\/\/teddybear.rs\/hu\/shop\/pluss-mackok\/teddybear-30cm-goldenred-roberto-cavalli-heart-red-sa-porukom\/","title":{"rendered":"Teddy Bear GoldenRed\u00ae 30cm + Roberto Cavalli + Sz\u00edv piros, \u00fczenet"},"content":{"rendered":"<p>Teddy Bear GoldenRed\u00ae 30cm 6 500 rsd + Roberto Cavalli Vodka 7,000 + Sz\u00edvv\u00f6r\u00f6s 2,300 rsd \u00fczenettel TOTAL: 15 800 rsd<\/p>\n","protected":false},"excerpt":{"rendered":"<p>Teddy Bear GoldenRed\u00ae 30cm 6 500 rsd + Roberto Cavalli Vodka 7,000 + Sz\u00edvv\u00f6r\u00f6s 2,300 rsd \u00fczenettel TOTAL: 15 800 rsd<\/p>\n","protected":false},"featured_media":1968,"template":"","meta":[],"product_brand":[],"product_cat":[193,199,111,45],"product_tag":[126,257,127,258],"class_list":{"0":"post-2174","1":"product","2":"type-product","3":"status-publish","4":"has-post-thumbnail","6":"product_cat-pluss-mackok","7":"product_cat-pluss-szivek","8":"product_cat-teddy-bear-plisane-mede-2","9":"product_cat-plisana-srca","10":"product_tag-heart-red-sa-porukom","11":"product_tag-heart-red-sa-porukom-hu","12":"product_tag-roberto-cavalli","13":"product_tag-roberto-cavalli-hu","15":"first","16":"instock","17":"shipping-taxable","18":"purchasable","19":"product-type-simple"},"_links":{"self":[{"href":"https:\/\/teddybear.rs\/hu\/wp-json\/wp\/v2\/product\/2174","targetHints":{"allow":["GET"]}}],"collection":[{"href":"https:\/\/teddybear.rs\/hu\/wp-json\/wp\/v2\/product"}],"about":[{"href":"https:\/\/teddybear.rs\/hu\/wp-json\/wp\/v2\/types\/product"}],"wp:featuredmedia":[{"embeddable":true,"href":"https:\/\/teddybear.rs\/hu\/wp-json\/wp\/v2\/media\/1968"}],"wp:attachment":[{"href":"https:\/\/teddybear.rs\/hu\/wp-json\/wp\/v2\/media?parent=2174"}],"wp:term":[{"taxonomy":"product_brand","embeddable":true,"href":"https:\/\/teddybear.rs\/hu\/wp-json\/wp\/v2\/product_brand?post=2174"},{"taxonomy":"product_cat","embeddable":true,"href":"https:\/\/teddybear.rs\/hu\/wp-json\/wp\/v2\/product_cat?post=2174"},{"taxonomy":"product_tag","embeddable":true,"href":"https:\/\/teddybear.rs\/hu\/wp-json\/wp\/v2\/product_tag?post=2174"}],"curies":[{"name":"wp","href":"https:\/\/api.w.org\/{rel}","templated":true}]}}