{"id":2170,"date":"2018-07-10T09:55:57","date_gmt":"2018-07-10T09:55:57","guid":{"rendered":"http:\/\/teddybear.rs\/shop\/nem-kategorizalt\/teddybear-heart-crveno\/"},"modified":"2019-04-25T12:30:48","modified_gmt":"2019-04-25T12:30:48","slug":"teddybear-heart-crveno","status":"publish","type":"product","link":"https:\/\/teddybear.rs\/hu\/shop\/pluss-szivek\/teddybear-heart-crveno\/","title":{"rendered":"Teddy Bear Heart piros"},"content":{"rendered":"<p>Csod\u00e1lkozz meg kedves szem\u00e9lyeddel egy sz\u00e9p szem\u00e9lyre szabott aj\u00e1nd\u00e9kkal, \u00e9s gy\u0151z\u0151dj meg r\u00f3la, hogy minden alkalommal, amikor megl\u00e1tod, eml\u00e9kszel.<\/p>\n","protected":false},"excerpt":{"rendered":"<p>Csod\u00e1lkozz meg kedves szem\u00e9lyeddel egy sz\u00e9p szem\u00e9lyre szabott aj\u00e1nd\u00e9kkal, \u00e9s gy\u0151z\u0151dj meg r\u00f3la, hogy minden alkalommal, amikor megl\u00e1tod, eml\u00e9kszel.<\/p>\n","protected":false},"featured_media":1929,"template":"","meta":[],"product_brand":[],"product_cat":[199,45],"product_tag":[],"class_list":{"0":"post-2170","1":"product","2":"type-product","3":"status-publish","4":"has-post-thumbnail","6":"product_cat-pluss-szivek","7":"product_cat-plisana-srca","9":"first","10":"instock","11":"shipping-taxable","12":"purchasable","13":"product-type-simple"},"_links":{"self":[{"href":"https:\/\/teddybear.rs\/hu\/wp-json\/wp\/v2\/product\/2170","targetHints":{"allow":["GET"]}}],"collection":[{"href":"https:\/\/teddybear.rs\/hu\/wp-json\/wp\/v2\/product"}],"about":[{"href":"https:\/\/teddybear.rs\/hu\/wp-json\/wp\/v2\/types\/product"}],"wp:featuredmedia":[{"embeddable":true,"href":"https:\/\/teddybear.rs\/hu\/wp-json\/wp\/v2\/media\/1929"}],"wp:attachment":[{"href":"https:\/\/teddybear.rs\/hu\/wp-json\/wp\/v2\/media?parent=2170"}],"wp:term":[{"taxonomy":"product_brand","embeddable":true,"href":"https:\/\/teddybear.rs\/hu\/wp-json\/wp\/v2\/product_brand?post=2170"},{"taxonomy":"product_cat","embeddable":true,"href":"https:\/\/teddybear.rs\/hu\/wp-json\/wp\/v2\/product_cat?post=2170"},{"taxonomy":"product_tag","embeddable":true,"href":"https:\/\/teddybear.rs\/hu\/wp-json\/wp\/v2\/product_tag?post=2170"}],"curies":[{"name":"wp","href":"https:\/\/api.w.org\/{rel}","templated":true}]}}