{"id":2165,"date":"2018-07-10T09:47:39","date_gmt":"2018-07-10T09:47:39","guid":{"rendered":"http:\/\/teddybear.rs\/shop\/nem-kategorizalt\/teddybear-heart-roze-sa-porukom\/"},"modified":"2019-04-25T12:27:04","modified_gmt":"2019-04-25T12:27:04","slug":"teddybear-heart-roze-sa-porukom","status":"publish","type":"product","link":"https:\/\/teddybear.rs\/hu\/shop\/pluss-szivek\/teddybear-heart-roze-sa-porukom\/","title":{"rendered":"Teddy Bear Heart r\u00f3zsasz\u00edn r\u00f3zs\u00e1k"},"content":{"rendered":"<p>Csod\u00e1lkozz meg kedves szem\u00e9lyeddel egy sz\u00e9p, szem\u00e9lyre szabott aj\u00e1nd\u00e9kkal, \u00e9s gy\u0151z\u0151dj meg r\u00f3la, hogy minden alkalommal, amikor megl\u00e1tod, eml\u00e9kszel r\u00e1d.<\/p>\n","protected":false},"excerpt":{"rendered":"<p>Csod\u00e1lkozz meg kedves szem\u00e9lyeddel egy sz\u00e9p, szem\u00e9lyre szabott aj\u00e1nd\u00e9kkal, \u00e9s gy\u0151z\u0151dj meg r\u00f3la, hogy minden alkalommal, amikor megl\u00e1tod, eml\u00e9kszel r\u00e1d.<\/p>\n","protected":false},"featured_media":2166,"template":"","meta":[],"product_brand":[],"product_cat":[199,45],"product_tag":[],"class_list":{"0":"post-2165","1":"product","2":"type-product","3":"status-publish","4":"has-post-thumbnail","6":"product_cat-pluss-szivek","7":"product_cat-plisana-srca","9":"first","10":"instock","11":"shipping-taxable","12":"purchasable","13":"product-type-simple"},"_links":{"self":[{"href":"https:\/\/teddybear.rs\/hu\/wp-json\/wp\/v2\/product\/2165","targetHints":{"allow":["GET"]}}],"collection":[{"href":"https:\/\/teddybear.rs\/hu\/wp-json\/wp\/v2\/product"}],"about":[{"href":"https:\/\/teddybear.rs\/hu\/wp-json\/wp\/v2\/types\/product"}],"wp:featuredmedia":[{"embeddable":true,"href":"https:\/\/teddybear.rs\/hu\/wp-json\/wp\/v2\/media\/2166"}],"wp:attachment":[{"href":"https:\/\/teddybear.rs\/hu\/wp-json\/wp\/v2\/media?parent=2165"}],"wp:term":[{"taxonomy":"product_brand","embeddable":true,"href":"https:\/\/teddybear.rs\/hu\/wp-json\/wp\/v2\/product_brand?post=2165"},{"taxonomy":"product_cat","embeddable":true,"href":"https:\/\/teddybear.rs\/hu\/wp-json\/wp\/v2\/product_cat?post=2165"},{"taxonomy":"product_tag","embeddable":true,"href":"https:\/\/teddybear.rs\/hu\/wp-json\/wp\/v2\/product_tag?post=2165"}],"curies":[{"name":"wp","href":"https:\/\/api.w.org\/{rel}","templated":true}]}}