{"id":2147,"date":"2017-12-03T22:34:37","date_gmt":"2017-12-03T22:34:37","guid":{"rendered":"http:\/\/teddybear.rs\/shop\/nem-kategorizalt\/plisano-srce-crveno\/"},"modified":"2019-04-25T12:18:44","modified_gmt":"2019-04-25T12:18:44","slug":"plisano-srce-crveno","status":"publish","type":"product","link":"https:\/\/teddybear.rs\/hu\/shop\/pluss-szivek\/plisano-srce-crveno\/","title":{"rendered":"Teddy Bear Heart &#8211; egy piros \u00fczenet"},"content":{"rendered":"<p>Teddy Bear Heart\u00ae Pl\u00fcss sz\u00edv r\u00f3zsasz\u00edn \u00e9s piros szat\u00e9n anyaggal.<\/p>\n<p>&nbsp;<\/p>\n","protected":false},"excerpt":{"rendered":"<p>Teddy Bear Heart\u00ae Pl\u00fcss sz\u00edv r\u00f3zsasz\u00edn \u00e9s piros szat\u00e9n anyaggal. &nbsp;<\/p>\n","protected":false},"featured_media":2043,"template":"","meta":[],"product_brand":[],"product_cat":[199,45],"product_tag":[50,248,48,246,51,249,49,247],"class_list":{"0":"post-2147","1":"product","2":"type-product","3":"status-publish","4":"has-post-thumbnail","6":"product_cat-pluss-szivek","7":"product_cat-plisana-srca","8":"product_tag-plis","9":"product_tag-plis-hu","10":"product_tag-plisano-scre","11":"product_tag-plisano-scre-hu","12":"product_tag-poklon","13":"product_tag-poklon-hu","14":"product_tag-srce","15":"product_tag-srce-hu","17":"first","18":"instock","19":"shipping-taxable","20":"purchasable","21":"product-type-simple"},"_links":{"self":[{"href":"https:\/\/teddybear.rs\/hu\/wp-json\/wp\/v2\/product\/2147","targetHints":{"allow":["GET"]}}],"collection":[{"href":"https:\/\/teddybear.rs\/hu\/wp-json\/wp\/v2\/product"}],"about":[{"href":"https:\/\/teddybear.rs\/hu\/wp-json\/wp\/v2\/types\/product"}],"wp:featuredmedia":[{"embeddable":true,"href":"https:\/\/teddybear.rs\/hu\/wp-json\/wp\/v2\/media\/2043"}],"wp:attachment":[{"href":"https:\/\/teddybear.rs\/hu\/wp-json\/wp\/v2\/media?parent=2147"}],"wp:term":[{"taxonomy":"product_brand","embeddable":true,"href":"https:\/\/teddybear.rs\/hu\/wp-json\/wp\/v2\/product_brand?post=2147"},{"taxonomy":"product_cat","embeddable":true,"href":"https:\/\/teddybear.rs\/hu\/wp-json\/wp\/v2\/product_cat?post=2147"},{"taxonomy":"product_tag","embeddable":true,"href":"https:\/\/teddybear.rs\/hu\/wp-json\/wp\/v2\/product_tag?post=2147"}],"curies":[{"name":"wp","href":"https:\/\/api.w.org\/{rel}","templated":true}]}}