{"id":2139,"date":"2018-07-31T07:41:46","date_gmt":"2018-07-31T07:41:46","guid":{"rendered":"http:\/\/teddybear.rs\/shop\/nem-kategorizalt\/teddy-bear-money-bag\/"},"modified":"2019-04-25T12:09:42","modified_gmt":"2019-04-25T12:09:42","slug":"teddy-bear-money-bag","status":"publish","type":"product","link":"https:\/\/teddybear.rs\/hu\/shop\/lusta-taska\/teddy-bear-money-bag\/","title":{"rendered":"Teddy Bear Money Bag\u00ae"},"content":{"rendered":"<p>\u00daj term\u00e9k\u00fcnk sz\u00e9les v\u00e1laszt\u00e9k\u00e1b\u00f3l: Teddy Bear Money bag\u00ae!<\/p>\n<p>Nagyon k\u00e9nyelmes Teddy Bear Money Bag\u00ae Lazy t\u00e1ska, amely alkalmazkodik a test alakj\u00e1hoz \u00e9s lehet\u0151v\u00e9 teszi, hogy k\u00e9nyelmes m\u00f3don \u00e9lvezhesse kedvenc tev\u00e9kenys\u00e9geit.<\/p>\n<p>A legjobb anyagokb\u00f3l k\u00e9sz\u00fcl, amelyek hossz\u00fa t\u00e1v\u00fa felhaszn\u00e1l\u00e1st biztos\u00edtanak.<\/p>\n","protected":false},"excerpt":{"rendered":"<p>\u00daj term\u00e9k\u00fcnk sz\u00e9les v\u00e1laszt\u00e9k\u00e1b\u00f3l: Teddy Bear Money bag\u00ae! Nagyon k\u00e9nyelmes Teddy Bear Money Bag\u00ae Lazy t\u00e1ska, amely alkalmazkodik a test alakj\u00e1hoz \u00e9s lehet\u0151v\u00e9 teszi, hogy k\u00e9nyelmes<span class=\"excerpt-hellip\"> [\u2026]<\/span><\/p>\n","protected":false},"featured_media":2140,"template":"","meta":[],"product_brand":[],"product_cat":[191,170],"product_tag":[172,244,171,243,173,245],"class_list":{"0":"post-2139","1":"product","2":"type-product","3":"status-publish","4":"has-post-thumbnail","6":"product_cat-lusta-taska","7":"product_cat-lazy-bag","8":"product_tag-lazy-bag","9":"product_tag-lazy-bag-hu","10":"product_tag-money-bag","11":"product_tag-money-bag-hu","12":"product_tag-the-teddy-bear-money-bag","13":"product_tag-the-teddy-bear-money-bag-hu","15":"first","16":"instock","17":"shipping-taxable","18":"purchasable","19":"product-type-simple"},"_links":{"self":[{"href":"https:\/\/teddybear.rs\/hu\/wp-json\/wp\/v2\/product\/2139","targetHints":{"allow":["GET"]}}],"collection":[{"href":"https:\/\/teddybear.rs\/hu\/wp-json\/wp\/v2\/product"}],"about":[{"href":"https:\/\/teddybear.rs\/hu\/wp-json\/wp\/v2\/types\/product"}],"wp:featuredmedia":[{"embeddable":true,"href":"https:\/\/teddybear.rs\/hu\/wp-json\/wp\/v2\/media\/2140"}],"wp:attachment":[{"href":"https:\/\/teddybear.rs\/hu\/wp-json\/wp\/v2\/media?parent=2139"}],"wp:term":[{"taxonomy":"product_brand","embeddable":true,"href":"https:\/\/teddybear.rs\/hu\/wp-json\/wp\/v2\/product_brand?post=2139"},{"taxonomy":"product_cat","embeddable":true,"href":"https:\/\/teddybear.rs\/hu\/wp-json\/wp\/v2\/product_cat?post=2139"},{"taxonomy":"product_tag","embeddable":true,"href":"https:\/\/teddybear.rs\/hu\/wp-json\/wp\/v2\/product_tag?post=2139"}],"curies":[{"name":"wp","href":"https:\/\/api.w.org\/{rel}","templated":true}]}}