{"id":1904,"date":"2018-06-29T12:40:40","date_gmt":"2018-06-29T12:40:40","guid":{"rendered":"http:\/\/teddybear.rs\/shop\/nem-kategorizalt\/bottega-gold\/"},"modified":"2019-04-08T12:48:57","modified_gmt":"2019-04-08T12:48:57","slug":"bottega-gold","status":"publish","type":"product","link":"https:\/\/teddybear.rs\/hu\/shop\/alkoholos-italok\/bottega-gold\/","title":{"rendered":"Bottega Gold"},"content":{"rendered":"<p>A Bottega Gold egy Prosecco Doc Brut nev\u0171 pezsg\u0151, melyet a Valderaiadene dombjain termesztett Glera feh\u00e9r sz\u0151l\u0151 bor\u00edt\u00e1s\u00e1val nyernek. Egy arany \u00fcveg megv\u00e9di a bort minden f\u00e9nyforr\u00e1st\u00f3l, meg\u0151rizve arom\u00e1j\u00e1t \u00e9s frissess\u00e9g\u00e9t, mik\u00f6zben a bor &#8222;hosszabb \u00e9lettartamot&#8221; biztos\u00edt. A gazdag habokkal \u00e9s finom bubor\u00e9kokkal rendelkez\u0151 s\u00e1padt s\u00e1rg\u00e1sbarna kieg\u00e9sz\u00edti a teljes \u00e9lm\u00e9nyt, \u00e9s az arany alma, a Villiams k\u00f6rte, az ak\u00e1cvir\u00e1g \u00e9s a v\u00f6lgy gy\u00fcm\u00f6lcsei jellegzetes illatai hossz\u00fa eml\u00e9kezetet teremtenek.<\/p>\n<p>El\u00e9g \u00edzl\u00e9ses, harmonikus, eleg\u00e1ns \u00e9s friss.<\/p>\n","protected":false},"excerpt":{"rendered":"<p>A Bottega Gold egy Prosecco Doc Brut nev\u0171 pezsg\u0151, melyet a Valderaiadene dombjain termesztett Glera feh\u00e9r sz\u0151l\u0151 bor\u00edt\u00e1s\u00e1val nyernek. Egy arany \u00fcveg megv\u00e9di a bort minden<span class=\"excerpt-hellip\"> [\u2026]<\/span><\/p>\n","protected":false},"featured_media":1905,"template":"","meta":[],"product_brand":[],"product_cat":[203],"product_tag":[],"class_list":{"0":"post-1904","1":"product","2":"type-product","3":"status-publish","4":"has-post-thumbnail","6":"product_cat-alkoholos-italok","8":"first","9":"instock","10":"shipping-taxable","11":"purchasable","12":"product-type-simple"},"_links":{"self":[{"href":"https:\/\/teddybear.rs\/hu\/wp-json\/wp\/v2\/product\/1904","targetHints":{"allow":["GET"]}}],"collection":[{"href":"https:\/\/teddybear.rs\/hu\/wp-json\/wp\/v2\/product"}],"about":[{"href":"https:\/\/teddybear.rs\/hu\/wp-json\/wp\/v2\/types\/product"}],"wp:featuredmedia":[{"embeddable":true,"href":"https:\/\/teddybear.rs\/hu\/wp-json\/wp\/v2\/media\/1905"}],"wp:attachment":[{"href":"https:\/\/teddybear.rs\/hu\/wp-json\/wp\/v2\/media?parent=1904"}],"wp:term":[{"taxonomy":"product_brand","embeddable":true,"href":"https:\/\/teddybear.rs\/hu\/wp-json\/wp\/v2\/product_brand?post=1904"},{"taxonomy":"product_cat","embeddable":true,"href":"https:\/\/teddybear.rs\/hu\/wp-json\/wp\/v2\/product_cat?post=1904"},{"taxonomy":"product_tag","embeddable":true,"href":"https:\/\/teddybear.rs\/hu\/wp-json\/wp\/v2\/product_tag?post=1904"}],"curies":[{"name":"wp","href":"https:\/\/api.w.org\/{rel}","templated":true}]}}