{"id":1898,"date":"2018-06-29T12:54:30","date_gmt":"2018-06-29T12:54:30","guid":{"rendered":"http:\/\/teddybear.rs\/shop\/nem-kategorizalt\/bottega-rose-gold\/"},"modified":"2019-04-08T12:46:02","modified_gmt":"2019-04-08T12:46:02","slug":"bottega-rose-gold","status":"publish","type":"product","link":"https:\/\/teddybear.rs\/hu\/shop\/alkoholos-italok\/bottega-rose-gold\/","title":{"rendered":"Bottega Rose Gold"},"content":{"rendered":"<p>A Bottega Rose Gold tiszta r\u00f3zsa Pinot Noir pezsg\u0151. Az eredeti csomagol\u00e1s jellemzi ezt a palackot, \u00e9s tekint\u00e9lyes aj\u00e1nd\u00e9k.<\/p>\n","protected":false},"excerpt":{"rendered":"<p>A Bottega Rose Gold tiszta r\u00f3zsa Pinot Noir pezsg\u0151. Az eredeti csomagol\u00e1s jellemzi ezt a palackot, \u00e9s tekint\u00e9lyes aj\u00e1nd\u00e9k.<\/p>\n","protected":false},"featured_media":1899,"template":"","meta":[],"product_brand":[],"product_cat":[203],"product_tag":[],"class_list":{"0":"post-1898","1":"product","2":"type-product","3":"status-publish","4":"has-post-thumbnail","6":"product_cat-alkoholos-italok","8":"first","9":"instock","10":"shipping-taxable","11":"purchasable","12":"product-type-simple"},"_links":{"self":[{"href":"https:\/\/teddybear.rs\/hu\/wp-json\/wp\/v2\/product\/1898","targetHints":{"allow":["GET"]}}],"collection":[{"href":"https:\/\/teddybear.rs\/hu\/wp-json\/wp\/v2\/product"}],"about":[{"href":"https:\/\/teddybear.rs\/hu\/wp-json\/wp\/v2\/types\/product"}],"wp:featuredmedia":[{"embeddable":true,"href":"https:\/\/teddybear.rs\/hu\/wp-json\/wp\/v2\/media\/1899"}],"wp:attachment":[{"href":"https:\/\/teddybear.rs\/hu\/wp-json\/wp\/v2\/media?parent=1898"}],"wp:term":[{"taxonomy":"product_brand","embeddable":true,"href":"https:\/\/teddybear.rs\/hu\/wp-json\/wp\/v2\/product_brand?post=1898"},{"taxonomy":"product_cat","embeddable":true,"href":"https:\/\/teddybear.rs\/hu\/wp-json\/wp\/v2\/product_cat?post=1898"},{"taxonomy":"product_tag","embeddable":true,"href":"https:\/\/teddybear.rs\/hu\/wp-json\/wp\/v2\/product_tag?post=1898"}],"curies":[{"name":"wp","href":"https:\/\/api.w.org\/{rel}","templated":true}]}}