{"id":1896,"date":"2018-06-29T12:50:43","date_gmt":"2018-06-29T12:50:43","guid":{"rendered":"http:\/\/teddybear.rs\/shop\/nem-kategorizalt\/bottega-white-gold\/"},"modified":"2019-04-08T12:42:31","modified_gmt":"2019-04-08T12:42:31","slug":"bottega-white-gold","status":"publish","type":"product","link":"https:\/\/teddybear.rs\/hu\/shop\/alkoholos-italok\/bottega-white-gold\/","title":{"rendered":"Bottega White Gold"},"content":{"rendered":"<p>A Bottega feh\u00e9r arany tiszt\u00e1n pezsg\u0151 sz\u00e1raz bor, vir\u00e1g \u00e9s gy\u00fcm\u00f6lcs csokor, s\u00e1rgabarack \u00e9s sz\u00e1r\u00edtott gy\u00fcm\u00f6lcs illat\u00e1val.<\/p>\n","protected":false},"excerpt":{"rendered":"<p>A Bottega feh\u00e9r arany tiszt\u00e1n pezsg\u0151 sz\u00e1raz bor, vir\u00e1g \u00e9s gy\u00fcm\u00f6lcs csokor, s\u00e1rgabarack \u00e9s sz\u00e1r\u00edtott gy\u00fcm\u00f6lcs illat\u00e1val.<\/p>\n","protected":false},"featured_media":1897,"template":"","meta":[],"product_brand":[],"product_cat":[203],"product_tag":[],"class_list":{"0":"post-1896","1":"product","2":"type-product","3":"status-publish","4":"has-post-thumbnail","6":"product_cat-alkoholos-italok","8":"first","9":"instock","10":"shipping-taxable","11":"purchasable","12":"product-type-simple"},"_links":{"self":[{"href":"https:\/\/teddybear.rs\/hu\/wp-json\/wp\/v2\/product\/1896","targetHints":{"allow":["GET"]}}],"collection":[{"href":"https:\/\/teddybear.rs\/hu\/wp-json\/wp\/v2\/product"}],"about":[{"href":"https:\/\/teddybear.rs\/hu\/wp-json\/wp\/v2\/types\/product"}],"wp:featuredmedia":[{"embeddable":true,"href":"https:\/\/teddybear.rs\/hu\/wp-json\/wp\/v2\/media\/1897"}],"wp:attachment":[{"href":"https:\/\/teddybear.rs\/hu\/wp-json\/wp\/v2\/media?parent=1896"}],"wp:term":[{"taxonomy":"product_brand","embeddable":true,"href":"https:\/\/teddybear.rs\/hu\/wp-json\/wp\/v2\/product_brand?post=1896"},{"taxonomy":"product_cat","embeddable":true,"href":"https:\/\/teddybear.rs\/hu\/wp-json\/wp\/v2\/product_cat?post=1896"},{"taxonomy":"product_tag","embeddable":true,"href":"https:\/\/teddybear.rs\/hu\/wp-json\/wp\/v2\/product_tag?post=1896"}],"curies":[{"name":"wp","href":"https:\/\/api.w.org\/{rel}","templated":true}]}}