{"id":1890,"date":"2018-06-29T12:33:27","date_gmt":"2018-06-29T12:33:27","guid":{"rendered":"http:\/\/teddybear.rs\/shop\/nem-kategorizalt\/chenet-3\/"},"modified":"2019-04-08T12:40:07","modified_gmt":"2019-04-08T12:40:07","slug":"chenet-3","status":"publish","type":"product","link":"https:\/\/teddybear.rs\/hu\/shop\/alkoholos-italok\/chenet-3\/","title":{"rendered":"Chenet"},"content":{"rendered":"<p>J. P. A Chenet Ice White Edition egy egyed\u00fcl\u00e1ll\u00f3 pezsg\u0151, amely h\u0171t\u00f6tt \u00e9s j\u00e9ghideg. Friss, kr\u00e9mes, b\u0151s\u00e9ges k\u00f6rte- \u00e9s gy\u00fcm\u00f6lcs\u00edz\u0171 aroma. A Ice Edition egy nagy aperitif, \u00e9s ha j\u00e9ghez adjuk, megnyitj\u00e1k a citrus arom\u00e1kat, \u00e9s nagyon friss\u00edt\u0151v\u00e9 v\u00e1lik.<\/p>\n","protected":false},"excerpt":{"rendered":"<p>J. P. A Chenet Ice White Edition egy egyed\u00fcl\u00e1ll\u00f3 pezsg\u0151, amely h\u0171t\u00f6tt \u00e9s j\u00e9ghideg. Friss, kr\u00e9mes, b\u0151s\u00e9ges k\u00f6rte- \u00e9s gy\u00fcm\u00f6lcs\u00edz\u0171 aroma. A Ice Edition egy nagy<span class=\"excerpt-hellip\"> [\u2026]<\/span><\/p>\n","protected":false},"featured_media":1891,"template":"","meta":[],"product_brand":[],"product_cat":[203],"product_tag":[232],"class_list":{"0":"post-1890","1":"product","2":"type-product","3":"status-publish","4":"has-post-thumbnail","6":"product_cat-alkoholos-italok","7":"product_tag-chenet-hu","9":"first","10":"instock","11":"sale","12":"shipping-taxable","13":"purchasable","14":"product-type-simple"},"_links":{"self":[{"href":"https:\/\/teddybear.rs\/hu\/wp-json\/wp\/v2\/product\/1890","targetHints":{"allow":["GET"]}}],"collection":[{"href":"https:\/\/teddybear.rs\/hu\/wp-json\/wp\/v2\/product"}],"about":[{"href":"https:\/\/teddybear.rs\/hu\/wp-json\/wp\/v2\/types\/product"}],"wp:featuredmedia":[{"embeddable":true,"href":"https:\/\/teddybear.rs\/hu\/wp-json\/wp\/v2\/media\/1891"}],"wp:attachment":[{"href":"https:\/\/teddybear.rs\/hu\/wp-json\/wp\/v2\/media?parent=1890"}],"wp:term":[{"taxonomy":"product_brand","embeddable":true,"href":"https:\/\/teddybear.rs\/hu\/wp-json\/wp\/v2\/product_brand?post=1890"},{"taxonomy":"product_cat","embeddable":true,"href":"https:\/\/teddybear.rs\/hu\/wp-json\/wp\/v2\/product_cat?post=1890"},{"taxonomy":"product_tag","embeddable":true,"href":"https:\/\/teddybear.rs\/hu\/wp-json\/wp\/v2\/product_tag?post=1890"}],"curies":[{"name":"wp","href":"https:\/\/api.w.org\/{rel}","templated":true}]}}