{"id":1887,"date":"2018-06-29T13:06:49","date_gmt":"2018-06-29T13:06:49","guid":{"rendered":"http:\/\/teddybear.rs\/shop\/nem-kategorizalt\/dom-perignon-gift-box\/"},"modified":"2019-04-08T12:37:37","modified_gmt":"2019-04-08T12:37:37","slug":"dom-perignon-gift-box","status":"publish","type":"product","link":"https:\/\/teddybear.rs\/hu\/shop\/alkoholos-italok\/dom-perignon-gift-box\/","title":{"rendered":"Dom Perignon Gift box"},"content":{"rendered":"<p>A Dom P\u00e9rignon House megmentette ezt az elk\u00e9pzel\u00e9st, amelyet az alap\u00edt\u00f3 be\u00e1gyazott, \u00e9s amely tov\u00e1bbra is a val\u00f3di luxus elk\u00e9pzel\u00e9sei: a kiv\u00e9teles folyamatos \u00fajb\u00f3li l\u00e9trehoz\u00e1sa. A csoda finom be\u00e1ll\u00edt\u00e1st, kock\u00e1zatot, intu\u00edci\u00f3t \u00e9s a v\u00edz tapasztalat\u00e1t k\u00e9pezte a v\u00e9gs\u0151 c\u00e9lnak: inspir\u00e1lt term\u00e9s l\u00e9trehoz\u00e1sa. Kort\u00e1rs jellemz\u0151k Dom P\u00e9rignon Champagne \u00e9s egy adott \u00e9v legismertebb szempontjai. &#8222;Mindig ugyanaz, de mindig m\u00e1s.&#8221;<\/p>\n<p>Mostant\u00f3l megrendelheti a Perignon Aj\u00e1nd\u00e9kdobozot a TheTeddyBear aj\u00e1nd\u00e9kboltb\u00f3l.<\/p>\n","protected":false},"excerpt":{"rendered":"<p>A Dom P\u00e9rignon House megmentette ezt az elk\u00e9pzel\u00e9st, amelyet az alap\u00edt\u00f3 be\u00e1gyazott, \u00e9s amely tov\u00e1bbra is a val\u00f3di luxus elk\u00e9pzel\u00e9sei: a kiv\u00e9teles folyamatos \u00fajb\u00f3li l\u00e9trehoz\u00e1sa. A<span class=\"excerpt-hellip\"> [\u2026]<\/span><\/p>\n","protected":false},"featured_media":1888,"template":"","meta":[],"product_brand":[],"product_cat":[203,56],"product_tag":[169,231],"class_list":{"0":"post-1887","1":"product","2":"type-product","3":"status-publish","4":"has-post-thumbnail","6":"product_cat-alkoholos-italok","7":"product_cat-alkoholna-pica","8":"product_tag-dom-perignon-gift-box","9":"product_tag-dom-perignon-gift-box-hu","11":"first","12":"instock","13":"sale","14":"shipping-taxable","15":"purchasable","16":"product-type-simple"},"_links":{"self":[{"href":"https:\/\/teddybear.rs\/hu\/wp-json\/wp\/v2\/product\/1887","targetHints":{"allow":["GET"]}}],"collection":[{"href":"https:\/\/teddybear.rs\/hu\/wp-json\/wp\/v2\/product"}],"about":[{"href":"https:\/\/teddybear.rs\/hu\/wp-json\/wp\/v2\/types\/product"}],"wp:featuredmedia":[{"embeddable":true,"href":"https:\/\/teddybear.rs\/hu\/wp-json\/wp\/v2\/media\/1888"}],"wp:attachment":[{"href":"https:\/\/teddybear.rs\/hu\/wp-json\/wp\/v2\/media?parent=1887"}],"wp:term":[{"taxonomy":"product_brand","embeddable":true,"href":"https:\/\/teddybear.rs\/hu\/wp-json\/wp\/v2\/product_brand?post=1887"},{"taxonomy":"product_cat","embeddable":true,"href":"https:\/\/teddybear.rs\/hu\/wp-json\/wp\/v2\/product_cat?post=1887"},{"taxonomy":"product_tag","embeddable":true,"href":"https:\/\/teddybear.rs\/hu\/wp-json\/wp\/v2\/product_tag?post=1887"}],"curies":[{"name":"wp","href":"https:\/\/api.w.org\/{rel}","templated":true}]}}