{"id":1880,"date":"2018-06-29T12:24:48","date_gmt":"2018-06-29T12:24:48","guid":{"rendered":"http:\/\/teddybear.rs\/shop\/nem-kategorizalt\/grey-goose-vodka\/"},"modified":"2019-04-08T12:35:03","modified_gmt":"2019-04-08T12:35:03","slug":"grey-goose-vodka","status":"publish","type":"product","link":"https:\/\/teddybear.rs\/hu\/shop\/alkoholos-italok\/grey-goose-vodka\/","title":{"rendered":"Grey Goose Vodka"},"content":{"rendered":"<p>A sz\u00fcrke liba vodka a luxus pr\u00e9mium szegmenshez tartozik. Franciaorsz\u00e1gb\u00f3l sz\u00e1rmazik, \u00e9s a term\u00e9kek azon a ter\u00fcleten tal\u00e1lhat\u00f3k, ahonnan a h\u00edres francia konyak j\u00f6n.<\/p>\n<p>A v\u00e1llalat nem v\u00e9letlen\u00fcl vette fel Franciaorsz\u00e1got a Gray Goose vodka el\u0151\u00e1ll\u00edt\u00e1s\u00e1ra. Ily m\u00f3don siker\u00fclt luxus k\u00e9pet alkotniuk Franciaorsz\u00e1gnak mint olyan orsz\u00e1gnak, amelyr\u0151l sz\u00e1mos vil\u00e1gh\u00edr\u0171 m\u00e1rka j\u00f6n.<\/p>\n<p>A v\u00edz kever\u00e9se term\u00e9szetes forr\u00e1sokb\u00f3l sz\u00e1rmazik Franciaorsz\u00e1gban, amelyet a m\u00e9szk\u0151\u00f6n kereszt\u00fcl sz\u0171rtek, \u00e9s a termel\u00e9sben l\u00e9v\u0151 v\u00edz t\u00f3 helyi b\u00faza.<br \/>\nA c\u00e9g egy \u00fcvegt is tervezett, amelyet csiszoltak, \u00e9s az \u00e1tl\u00e1tsz\u00f3 r\u00e9szen kereszt\u00fcl a liba t\u00fckr\u00f6z\u0151dik a rep\u00fcl\u00e9sben.<\/p>\n<p>1998-ban a Grey Goose nyerte a legjobb vodka-d\u00edjat. 2004 augusztus\u00e1ban a Grey Goose megv\u00e1s\u00e1rolta a h\u00edres Bacardi m\u00e1rk\u00e1t. Ebben az \u00e9vben a Gray Goose az amerikai piacon a legkelend\u0151bb pr\u00e9mium vodka, t\u00f6bb mint 1,5 milli\u00f3 doboz \u00e9rt\u00e9kes\u00edt\u00e9s\u00e9vel.<\/p>\n","protected":false},"excerpt":{"rendered":"<p>A sz\u00fcrke liba vodka a luxus pr\u00e9mium szegmenshez tartozik. Franciaorsz\u00e1gb\u00f3l sz\u00e1rmazik, \u00e9s a term\u00e9kek azon a ter\u00fcleten tal\u00e1lhat\u00f3k, ahonnan a h\u00edres francia konyak j\u00f6n. A v\u00e1llalat<span class=\"excerpt-hellip\"> [\u2026]<\/span><\/p>\n","protected":false},"featured_media":1881,"template":"","meta":[],"product_brand":[],"product_cat":[203],"product_tag":[],"class_list":{"0":"post-1880","1":"product","2":"type-product","3":"status-publish","4":"has-post-thumbnail","6":"product_cat-alkoholos-italok","8":"first","9":"instock","10":"shipping-taxable","11":"purchasable","12":"product-type-simple"},"_links":{"self":[{"href":"https:\/\/teddybear.rs\/hu\/wp-json\/wp\/v2\/product\/1880","targetHints":{"allow":["GET"]}}],"collection":[{"href":"https:\/\/teddybear.rs\/hu\/wp-json\/wp\/v2\/product"}],"about":[{"href":"https:\/\/teddybear.rs\/hu\/wp-json\/wp\/v2\/types\/product"}],"wp:featuredmedia":[{"embeddable":true,"href":"https:\/\/teddybear.rs\/hu\/wp-json\/wp\/v2\/media\/1881"}],"wp:attachment":[{"href":"https:\/\/teddybear.rs\/hu\/wp-json\/wp\/v2\/media?parent=1880"}],"wp:term":[{"taxonomy":"product_brand","embeddable":true,"href":"https:\/\/teddybear.rs\/hu\/wp-json\/wp\/v2\/product_brand?post=1880"},{"taxonomy":"product_cat","embeddable":true,"href":"https:\/\/teddybear.rs\/hu\/wp-json\/wp\/v2\/product_cat?post=1880"},{"taxonomy":"product_tag","embeddable":true,"href":"https:\/\/teddybear.rs\/hu\/wp-json\/wp\/v2\/product_tag?post=1880"}],"curies":[{"name":"wp","href":"https:\/\/api.w.org\/{rel}","templated":true}]}}