{"id":1877,"date":"2018-06-29T13:01:29","date_gmt":"2018-06-29T13:01:29","guid":{"rendered":"http:\/\/teddybear.rs\/shop\/nem-kategorizalt\/moet-mini-2\/"},"modified":"2019-04-08T12:32:15","modified_gmt":"2019-04-08T12:32:15","slug":"moet-mini-2","status":"publish","type":"product","link":"https:\/\/teddybear.rs\/hu\/shop\/alkoholos-italok\/moet-mini-2\/","title":{"rendered":"Mini Moet Brut"},"content":{"rendered":"<p>Mini Moet Brut &#8211; Nem sz\u00fcreti pezsg\u0151, amely nagyon j\u00f3l elp\u00e1rolog az \u00e9lelmiszerrel. Kiegyens\u00falyozott harm\u00f3nia \u00e9s eleganci\u00e1val rendelkezik. Alma, k\u00f6rte, \u0151szibarack \u00e9s citrusf\u00e9l\u00e9k \u00edze van. A Mo\u00ebt Imp\u00e9rial Brut a pezsg\u0151 k\u00fcl\u00f6nb\u00f6z\u0151 h\u00e9jainak harmonikus kever\u00e9ke, t\u00f6k\u00e9letesen kiegyenl\u00edtve a 3 pezsg\u0151fajt\u00e1b\u00f3l (30-40% pinot noir, 30-40% pinot meunier, 20-30% chardonnay). T\u00f6k\u00e9letes a sz\u00e1razs\u00e1g \u00e9s a galusk\u00e1val, a kagyl\u00f3val \u00e9s a halakkal a k\u00f6nny\u0171 m\u00e1rt\u00e1ssal, s\u00fclt vagy enyh\u00e9n f\u0171szerezett feh\u00e9r h\u00fassal \u00e9s friss gy\u00fcm\u00f6lcssal\u00e1t\u00e1kkal, amelyek nem \u00edzletesek.<\/p>\n","protected":false},"excerpt":{"rendered":"<p>Mini Moet Brut &#8211; Nem sz\u00fcreti pezsg\u0151, amely nagyon j\u00f3l elp\u00e1rolog az \u00e9lelmiszerrel. Kiegyens\u00falyozott harm\u00f3nia \u00e9s eleganci\u00e1val rendelkezik. Alma, k\u00f6rte, \u0151szibarack \u00e9s citrusf\u00e9l\u00e9k \u00edze van. A<span class=\"excerpt-hellip\"> [\u2026]<\/span><\/p>\n","protected":false},"featured_media":1878,"template":"","meta":[],"product_brand":[],"product_cat":[203],"product_tag":[314],"class_list":{"0":"post-1877","1":"product","2":"type-product","3":"status-publish","4":"has-post-thumbnail","6":"product_cat-alkoholos-italok","7":"product_tag-moet-mini-hu","9":"first","10":"instock","11":"shipping-taxable","12":"purchasable","13":"product-type-simple"},"_links":{"self":[{"href":"https:\/\/teddybear.rs\/hu\/wp-json\/wp\/v2\/product\/1877","targetHints":{"allow":["GET"]}}],"collection":[{"href":"https:\/\/teddybear.rs\/hu\/wp-json\/wp\/v2\/product"}],"about":[{"href":"https:\/\/teddybear.rs\/hu\/wp-json\/wp\/v2\/types\/product"}],"wp:featuredmedia":[{"embeddable":true,"href":"https:\/\/teddybear.rs\/hu\/wp-json\/wp\/v2\/media\/1878"}],"wp:attachment":[{"href":"https:\/\/teddybear.rs\/hu\/wp-json\/wp\/v2\/media?parent=1877"}],"wp:term":[{"taxonomy":"product_brand","embeddable":true,"href":"https:\/\/teddybear.rs\/hu\/wp-json\/wp\/v2\/product_brand?post=1877"},{"taxonomy":"product_cat","embeddable":true,"href":"https:\/\/teddybear.rs\/hu\/wp-json\/wp\/v2\/product_cat?post=1877"},{"taxonomy":"product_tag","embeddable":true,"href":"https:\/\/teddybear.rs\/hu\/wp-json\/wp\/v2\/product_tag?post=1877"}],"curies":[{"name":"wp","href":"https:\/\/api.w.org\/{rel}","templated":true}]}}