{"id":1870,"date":"2018-06-29T12:20:43","date_gmt":"2018-06-29T12:20:43","guid":{"rendered":"http:\/\/teddybear.rs\/shop\/nem-kategorizalt\/moet-brut-2\/"},"modified":"2019-04-08T12:28:51","modified_gmt":"2019-04-08T12:28:51","slug":"moet-brut-2","status":"publish","type":"product","link":"https:\/\/teddybear.rs\/hu\/shop\/alkoholos-italok\/moet-brut-2\/","title":{"rendered":"Moet Brut"},"content":{"rendered":"<h2>Moet Brut<\/h2>\n<p>Mo\u00ebt &amp; Chandon &#8211; ennek a h\u00e1znak a bajnokai gyorsan megszerezt\u00e9k bhakt\u00e1ikat az akkori politikai elit k\u00f6z\u00f6tt, \u00edgy sok vil\u00e1gvezet\u0151t \u00e9lveztek, mint p\u00e9ld\u00e1ul az II. Alexander orosz cs\u00e1sz\u00e1r, az osztr\u00e1k II. Cs\u00e1sz\u00e1r, a brit Vikt\u00f3ria kir\u00e1lyn\u0151 \u00e9s sokan m\u00e1sok. Mo\u00ebt pezsg\u0151j\u00e9nek egyik legnagyobb szerelmese a francia aut\u00f3 Napoleon volt, aki gyakran \u00e9lvezte a gazdag \u00fcnnepeket a Mo\u00ebt birtok\u00e1n. Megtiszteltet\u00e9s sz\u00e1momra, a h\u00e1z b\u00fcszkes\u00e9ge \u00e9s a &#8222;Brut Imperial&#8221; elnevez\u00e9s\u0171 legjobban eladott pezsg\u0151.<\/p>\n<p>Ett\u0151l kezdve kiz\u00e1r\u00f3lag a TheTeddyBear aj\u00e1nd\u00e9kboltban rendelheti meg<\/p>\n","protected":false},"excerpt":{"rendered":"<p>Moet Brut Mo\u00ebt &amp; Chandon &#8211; ennek a h\u00e1znak a bajnokai gyorsan megszerezt\u00e9k bhakt\u00e1ikat az akkori politikai elit k\u00f6z\u00f6tt, \u00edgy sok vil\u00e1gvezet\u0151t \u00e9lveztek, mint p\u00e9ld\u00e1ul az<span class=\"excerpt-hellip\"> [\u2026]<\/span><\/p>\n","protected":false},"featured_media":1871,"template":"","meta":[],"product_brand":[],"product_cat":[203],"product_tag":[],"class_list":{"0":"post-1870","1":"product","2":"type-product","3":"status-publish","4":"has-post-thumbnail","6":"product_cat-alkoholos-italok","8":"first","9":"instock","10":"shipping-taxable","11":"purchasable","12":"product-type-simple"},"_links":{"self":[{"href":"https:\/\/teddybear.rs\/hu\/wp-json\/wp\/v2\/product\/1870","targetHints":{"allow":["GET"]}}],"collection":[{"href":"https:\/\/teddybear.rs\/hu\/wp-json\/wp\/v2\/product"}],"about":[{"href":"https:\/\/teddybear.rs\/hu\/wp-json\/wp\/v2\/types\/product"}],"wp:featuredmedia":[{"embeddable":true,"href":"https:\/\/teddybear.rs\/hu\/wp-json\/wp\/v2\/media\/1871"}],"wp:attachment":[{"href":"https:\/\/teddybear.rs\/hu\/wp-json\/wp\/v2\/media?parent=1870"}],"wp:term":[{"taxonomy":"product_brand","embeddable":true,"href":"https:\/\/teddybear.rs\/hu\/wp-json\/wp\/v2\/product_brand?post=1870"},{"taxonomy":"product_cat","embeddable":true,"href":"https:\/\/teddybear.rs\/hu\/wp-json\/wp\/v2\/product_cat?post=1870"},{"taxonomy":"product_tag","embeddable":true,"href":"https:\/\/teddybear.rs\/hu\/wp-json\/wp\/v2\/product_tag?post=1870"}],"curies":[{"name":"wp","href":"https:\/\/api.w.org\/{rel}","templated":true}]}}