{"id":1862,"date":"2018-06-29T12:16:06","date_gmt":"2018-06-29T12:16:06","guid":{"rendered":"http:\/\/teddybear.rs\/shop\/nem-kategorizalt\/moet-rose-2\/"},"modified":"2019-04-08T12:22:36","modified_gmt":"2019-04-08T12:22:36","slug":"moet-rose-2","status":"publish","type":"product","link":"https:\/\/teddybear.rs\/hu\/shop\/alkoholos-italok\/moet-rose-2\/","title":{"rendered":"Moet Rose"},"content":{"rendered":"<p><strong>Mo\u00ebt &amp; Chandon Rose<\/strong>\u00a0gy\u00f6ny\u00f6r\u0171 r\u00f3zsasz\u00edn sz\u00ednek, a vad eper, a m\u00e1lna \u00e9s a cseresznye krist\u00e1lytiszta jegyzeteivel. A finoms\u00e1g a bogy\u00f3s arom\u00e1t k\u00f6veti, friss\u00edt\u0151, \u0151szibarack \u00e9s menta jegyekkel. Az aj\u00e1nlott adagol\u00e1si h\u0151m\u00e9rs\u00e9klet 7-8 \u00b0 C<\/p>\n<p>&nbsp;<\/p>\n","protected":false},"excerpt":{"rendered":"<p>Mo\u00ebt &amp; Chandon Rose\u00a0gy\u00f6ny\u00f6r\u0171 r\u00f3zsasz\u00edn sz\u00ednek, a vad eper, a m\u00e1lna \u00e9s a cseresznye krist\u00e1lytiszta jegyzeteivel. A finoms\u00e1g a bogy\u00f3s arom\u00e1t k\u00f6veti, friss\u00edt\u0151, \u0151szibarack \u00e9s menta<span class=\"excerpt-hellip\"> [\u2026]<\/span><\/p>\n","protected":false},"featured_media":1863,"template":"","meta":[],"product_brand":[],"product_cat":[203,56],"product_tag":[42],"class_list":{"0":"post-1862","1":"product","2":"type-product","3":"status-publish","4":"has-post-thumbnail","6":"product_cat-alkoholos-italok","7":"product_cat-alkoholna-pica","8":"product_tag-moet-rose","10":"first","11":"instock","12":"shipping-taxable","13":"purchasable","14":"product-type-simple"},"_links":{"self":[{"href":"https:\/\/teddybear.rs\/hu\/wp-json\/wp\/v2\/product\/1862","targetHints":{"allow":["GET"]}}],"collection":[{"href":"https:\/\/teddybear.rs\/hu\/wp-json\/wp\/v2\/product"}],"about":[{"href":"https:\/\/teddybear.rs\/hu\/wp-json\/wp\/v2\/types\/product"}],"wp:featuredmedia":[{"embeddable":true,"href":"https:\/\/teddybear.rs\/hu\/wp-json\/wp\/v2\/media\/1863"}],"wp:attachment":[{"href":"https:\/\/teddybear.rs\/hu\/wp-json\/wp\/v2\/media?parent=1862"}],"wp:term":[{"taxonomy":"product_brand","embeddable":true,"href":"https:\/\/teddybear.rs\/hu\/wp-json\/wp\/v2\/product_brand?post=1862"},{"taxonomy":"product_cat","embeddable":true,"href":"https:\/\/teddybear.rs\/hu\/wp-json\/wp\/v2\/product_cat?post=1862"},{"taxonomy":"product_tag","embeddable":true,"href":"https:\/\/teddybear.rs\/hu\/wp-json\/wp\/v2\/product_tag?post=1862"}],"curies":[{"name":"wp","href":"https:\/\/api.w.org\/{rel}","templated":true}]}}