{"id":1860,"date":"2018-06-29T12:59:09","date_gmt":"2018-06-29T12:59:09","guid":{"rendered":"http:\/\/teddybear.rs\/shop\/nem-kategorizalt\/unicum\/"},"modified":"2019-04-08T12:20:09","modified_gmt":"2019-04-08T12:20:09","slug":"unicum","status":"publish","type":"product","link":"https:\/\/teddybear.rs\/hu\/shop\/alkoholos-italok\/unicum\/","title":{"rendered":"Unicum"},"content":{"rendered":"<p>Az Unicum liqueur ma a 40-n\u00e9l t\u00f6bb n\u00f6v\u00e9ny titkos k\u00e9plet\u00e9nek megfelel\u0151en Zvackot gy\u00e1rt; az ital r\u00e9gi t\u00f6lgyfahord\u00f3ban van.<\/p>\n<div id=\"gt-text-top\">\n<div id=\"gt-res-c\" class=\"g-unit\">\n<div id=\"gt-res-p\">\n<div id=\"gt-res-data\">\n<div id=\"res-translit\" class=\"translit\" dir=\"ltr\">Az Unicum Magyarorsz\u00e1g egyik nemzeti itala.<\/div>\n<\/div>\n<\/div>\n<\/div>\n<div id=\"gt-promo-lr\"><\/div>\n<\/div>\n<div id=\"gt-ft\"><\/div>\n","protected":false},"excerpt":{"rendered":"<p>Az Unicum liqueur ma a 40-n\u00e9l t\u00f6bb n\u00f6v\u00e9ny titkos k\u00e9plet\u00e9nek megfelel\u0151en Zvackot gy\u00e1rt; az ital r\u00e9gi t\u00f6lgyfahord\u00f3ban van. Az Unicum Magyarorsz\u00e1g egyik nemzeti itala.<\/p>\n","protected":false},"featured_media":1861,"template":"","meta":[],"product_brand":[],"product_cat":[203,56],"product_tag":[],"class_list":{"0":"post-1860","1":"product","2":"type-product","3":"status-publish","4":"has-post-thumbnail","6":"product_cat-alkoholos-italok","7":"product_cat-alkoholna-pica","9":"first","10":"instock","11":"shipping-taxable","12":"purchasable","13":"product-type-simple"},"_links":{"self":[{"href":"https:\/\/teddybear.rs\/hu\/wp-json\/wp\/v2\/product\/1860","targetHints":{"allow":["GET"]}}],"collection":[{"href":"https:\/\/teddybear.rs\/hu\/wp-json\/wp\/v2\/product"}],"about":[{"href":"https:\/\/teddybear.rs\/hu\/wp-json\/wp\/v2\/types\/product"}],"wp:featuredmedia":[{"embeddable":true,"href":"https:\/\/teddybear.rs\/hu\/wp-json\/wp\/v2\/media\/1861"}],"wp:attachment":[{"href":"https:\/\/teddybear.rs\/hu\/wp-json\/wp\/v2\/media?parent=1860"}],"wp:term":[{"taxonomy":"product_brand","embeddable":true,"href":"https:\/\/teddybear.rs\/hu\/wp-json\/wp\/v2\/product_brand?post=1860"},{"taxonomy":"product_cat","embeddable":true,"href":"https:\/\/teddybear.rs\/hu\/wp-json\/wp\/v2\/product_cat?post=1860"},{"taxonomy":"product_tag","embeddable":true,"href":"https:\/\/teddybear.rs\/hu\/wp-json\/wp\/v2\/product_tag?post=1860"}],"curies":[{"name":"wp","href":"https:\/\/api.w.org\/{rel}","templated":true}]}}