{"id":1854,"date":"2018-06-29T13:04:36","date_gmt":"2018-06-29T13:04:36","guid":{"rendered":"http:\/\/teddybear.rs\/shop\/nem-kategorizalt\/vodka-absolut-shine\/"},"modified":"2019-04-08T12:16:52","modified_gmt":"2019-04-08T12:16:52","slug":"vodka-absolut-shine","status":"publish","type":"product","link":"https:\/\/teddybear.rs\/hu\/shop\/alkoholos-italok\/vodka-absolut-shine\/","title":{"rendered":"Vodka Absolut Shine"},"content":{"rendered":"<p>Az Ahusa-i TLars Olsson Smith 1879-ben \u00fagy d\u00f6nt\u00f6tt, hogy a szok\u00e1sos vodka eset\u00e9ben a 3 vagy 4-szeres helyett korl\u00e1tlan desztill\u00e1ci\u00f3t v\u00e9gez, hogy teljesen tiszta vodk\u00e1t szerezzen. Ez\u00e9rt a Vodka neve Abszol\u00fat Vodka. Sz\u00e1z \u00e9vvel k\u00e9s\u0151bb ez a vodka \u00fajra el\u0151\u00e1llt, \u00e9s 1979-ben New Yorkban mutatt\u00e1k be, \u00e9s hamarosan n\u00e9pszer\u0171v\u00e9 v\u00e1lt az eg\u00e9sz vil\u00e1gon.<br \/>\nAz Abszol\u00fat Vodka Gy\u00e1rt\u00f3ja azt \u00e1ll\u00edtja, hogy ennek az italnak a f\u0151 \u00f6sszetev\u0151je a Sv\u00e9dorsz\u00e1gban termesztett t\u00e9li b\u00faza, minim\u00e1lisan felhaszn\u00e1lva a m\u0171tr\u00e1gy\u00e1kat. Az \u00fan. T\u00e9li b\u00faza a h\u00f3 alatt n\u0151, \u00e9s kem\u00e9ny gabon\u00e1t ad neki. A vodka t\u00f6bbek k\u00f6z\u00f6tt hozz\u00e1ad egy kis mennyis\u00e9g\u0171 sz\u00e1raz gy\u00fcm\u00f6lcs\u00f6t.<br \/>\nA standard vodka a gabonaf\u00e9l\u00e9k vagy a burgonya lep\u00e1rl\u00e1s\u00e1val k\u00e9sz\u00fclt sz\u00edntelen ital. A n\u00e9v a szlov\u00e9n \u201ewater\u201d sz\u00f3b\u00f3l sz\u00e1rmazik, mint az orosz nyelv\u0171 dememsive. A vodk\u00e1ban az alkohol ar\u00e1nya 35 \u00e9s 70% k\u00f6z\u00f6tt mozog, \u00e9s leggyakrabban a vodka 40% -\u00e1nak megfelel\u0151 alkoholt tartalmaz. \u00c9rdekes, hogy Dmitrij Mendeleev, az id\u0151szakos elemrendszer alkot\u00f3ja kisz\u00e1m\u00edtotta, hogy a vodk\u00e1ban a teljes alkohol ar\u00e1nya 38%.<br \/>\nA vod\u00e1t j\u00e9ggel, egyed\u00fcl vagy m\u00e1s italokkal kombin\u00e1lva lehet itatni. A vodka sok kokt\u00e9l, mint p\u00e9ld\u00e1ul a Cosmopolitan kokt\u00e9lok, a Bloody Mary, a Sex on the Beach, a Long Island Iced Tea \u00e9s sokan m\u00e1sok p\u00f3tolhatatlan r\u00e9sze lett.<\/p>\n","protected":false},"excerpt":{"rendered":"<p>Az Ahusa-i TLars Olsson Smith 1879-ben \u00fagy d\u00f6nt\u00f6tt, hogy a szok\u00e1sos vodka eset\u00e9ben a 3 vagy 4-szeres helyett korl\u00e1tlan desztill\u00e1ci\u00f3t v\u00e9gez, hogy teljesen tiszta vodk\u00e1t szerezzen.<span class=\"excerpt-hellip\"> [\u2026]<\/span><\/p>\n","protected":false},"featured_media":1855,"template":"","meta":[],"product_brand":[],"product_cat":[203],"product_tag":[228],"class_list":{"0":"post-1854","1":"product","2":"type-product","3":"status-publish","4":"has-post-thumbnail","6":"product_cat-alkoholos-italok","7":"product_tag-vodka-absolut-shine-hu","9":"first","10":"instock","11":"shipping-taxable","12":"purchasable","13":"product-type-simple"},"_links":{"self":[{"href":"https:\/\/teddybear.rs\/hu\/wp-json\/wp\/v2\/product\/1854","targetHints":{"allow":["GET"]}}],"collection":[{"href":"https:\/\/teddybear.rs\/hu\/wp-json\/wp\/v2\/product"}],"about":[{"href":"https:\/\/teddybear.rs\/hu\/wp-json\/wp\/v2\/types\/product"}],"wp:featuredmedia":[{"embeddable":true,"href":"https:\/\/teddybear.rs\/hu\/wp-json\/wp\/v2\/media\/1855"}],"wp:attachment":[{"href":"https:\/\/teddybear.rs\/hu\/wp-json\/wp\/v2\/media?parent=1854"}],"wp:term":[{"taxonomy":"product_brand","embeddable":true,"href":"https:\/\/teddybear.rs\/hu\/wp-json\/wp\/v2\/product_brand?post=1854"},{"taxonomy":"product_cat","embeddable":true,"href":"https:\/\/teddybear.rs\/hu\/wp-json\/wp\/v2\/product_cat?post=1854"},{"taxonomy":"product_tag","embeddable":true,"href":"https:\/\/teddybear.rs\/hu\/wp-json\/wp\/v2\/product_tag?post=1854"}],"curies":[{"name":"wp","href":"https:\/\/api.w.org\/{rel}","templated":true}]}}