{"id":1840,"date":"2018-11-18T08:23:37","date_gmt":"2018-11-18T08:23:37","guid":{"rendered":"http:\/\/teddybear.rs\/shop\/nem-kategorizalt\/teddy-bear-dove-box\/"},"modified":"2019-04-08T12:07:11","modified_gmt":"2019-04-08T12:07:11","slug":"teddy-bear-dove-box","status":"publish","type":"product","link":"https:\/\/teddybear.rs\/hu\/shop\/dove-box-hu\/teddy-bear-dove-box\/","title":{"rendered":"Teddy Bear Dove box\u00ae"},"content":{"rendered":"<p>A Dove Box TB doboz minden k\u00fcl\u00f6nleges esem\u00e9nyt k\u00fcl\u00f6nleges \u00e9s k\u00fcl\u00f6nlegesv\u00e9 tehet, amikor gy\u00f6ny\u00f6r\u0171 feh\u00e9r galambokat j\u00e1tszanak, valamint egy galamb \u00e9rkezik egy adott helyre, olyan dobozban, amely sz\u00e1nd\u00e9kolatlan hat\u00e1st gyakorol minden koroszt\u00e1lyra \u00e9s helyzetre (esk\u00fcv\u0151i nap, sz\u00fclet\u00e9snapok, k\u00fcl\u00f6nb\u00f6z\u0151 t\u00edpus\u00fa meglepet\u00e9s).<\/p>\n","protected":false},"excerpt":{"rendered":"<p>A Dove Box TB doboz minden k\u00fcl\u00f6nleges esem\u00e9nyt k\u00fcl\u00f6nleges \u00e9s k\u00fcl\u00f6nlegesv\u00e9 tehet, amikor gy\u00f6ny\u00f6r\u0171 feh\u00e9r galambokat j\u00e1tszanak, valamint egy galamb \u00e9rkezik egy adott helyre, olyan dobozban,<span class=\"excerpt-hellip\"> [\u2026]<\/span><\/p>\n","protected":false},"featured_media":1842,"template":"","meta":[],"product_brand":[],"product_cat":[189,175],"product_tag":[],"class_list":{"0":"post-1840","1":"product","2":"type-product","3":"status-publish","4":"has-post-thumbnail","6":"product_cat-dove-box-hu","7":"product_cat-dove-box","9":"first","10":"instock","11":"shipping-taxable","12":"purchasable","13":"product-type-simple"},"_links":{"self":[{"href":"https:\/\/teddybear.rs\/hu\/wp-json\/wp\/v2\/product\/1840","targetHints":{"allow":["GET"]}}],"collection":[{"href":"https:\/\/teddybear.rs\/hu\/wp-json\/wp\/v2\/product"}],"about":[{"href":"https:\/\/teddybear.rs\/hu\/wp-json\/wp\/v2\/types\/product"}],"wp:featuredmedia":[{"embeddable":true,"href":"https:\/\/teddybear.rs\/hu\/wp-json\/wp\/v2\/media\/1842"}],"wp:attachment":[{"href":"https:\/\/teddybear.rs\/hu\/wp-json\/wp\/v2\/media?parent=1840"}],"wp:term":[{"taxonomy":"product_brand","embeddable":true,"href":"https:\/\/teddybear.rs\/hu\/wp-json\/wp\/v2\/product_brand?post=1840"},{"taxonomy":"product_cat","embeddable":true,"href":"https:\/\/teddybear.rs\/hu\/wp-json\/wp\/v2\/product_cat?post=1840"},{"taxonomy":"product_tag","embeddable":true,"href":"https:\/\/teddybear.rs\/hu\/wp-json\/wp\/v2\/product_tag?post=1840"}],"curies":[{"name":"wp","href":"https:\/\/api.w.org\/{rel}","templated":true}]}}