{"id":1833,"date":"2018-02-01T12:17:09","date_gmt":"2018-02-01T12:17:09","guid":{"rendered":"http:\/\/teddybear.rs\/shop\/nem-kategorizalt\/good-girl-carolina-herrera\/"},"modified":"2019-04-04T12:34:43","modified_gmt":"2019-04-04T12:34:43","slug":"good-girl-carolina-herrera","status":"publish","type":"product","link":"https:\/\/teddybear.rs\/hu\/shop\/kiegeszitok-hu\/good-girl-carolina-herrera\/","title":{"rendered":"Good Girl Carolina Herrera"},"content":{"rendered":"<p>A Carolina Herrera Good Girl illata menta csomagol\u00e1sban ker\u00fcl forgalomba. Csomagol\u00e1s 50ml.<\/p>\n","protected":false},"excerpt":{"rendered":"<p>A Carolina Herrera Good Girl illata menta csomagol\u00e1sban ker\u00fcl forgalomba. Csomagol\u00e1s 50ml.<\/p>\n","protected":false},"featured_media":1834,"template":"","meta":[],"product_brand":[],"product_cat":[205],"product_tag":[226],"class_list":{"0":"post-1833","1":"product","2":"type-product","3":"status-publish","4":"has-post-thumbnail","6":"product_cat-kiegeszitok-hu","7":"product_tag-parfume-hu","9":"first","10":"instock","11":"shipping-taxable","12":"purchasable","13":"product-type-simple"},"_links":{"self":[{"href":"https:\/\/teddybear.rs\/hu\/wp-json\/wp\/v2\/product\/1833","targetHints":{"allow":["GET"]}}],"collection":[{"href":"https:\/\/teddybear.rs\/hu\/wp-json\/wp\/v2\/product"}],"about":[{"href":"https:\/\/teddybear.rs\/hu\/wp-json\/wp\/v2\/types\/product"}],"wp:featuredmedia":[{"embeddable":true,"href":"https:\/\/teddybear.rs\/hu\/wp-json\/wp\/v2\/media\/1834"}],"wp:attachment":[{"href":"https:\/\/teddybear.rs\/hu\/wp-json\/wp\/v2\/media?parent=1833"}],"wp:term":[{"taxonomy":"product_brand","embeddable":true,"href":"https:\/\/teddybear.rs\/hu\/wp-json\/wp\/v2\/product_brand?post=1833"},{"taxonomy":"product_cat","embeddable":true,"href":"https:\/\/teddybear.rs\/hu\/wp-json\/wp\/v2\/product_cat?post=1833"},{"taxonomy":"product_tag","embeddable":true,"href":"https:\/\/teddybear.rs\/hu\/wp-json\/wp\/v2\/product_tag?post=1833"}],"curies":[{"name":"wp","href":"https:\/\/api.w.org\/{rel}","templated":true}]}}