{"id":1827,"date":"2018-07-31T11:14:40","date_gmt":"2018-07-31T11:14:40","guid":{"rendered":"http:\/\/teddybear.rs\/shop\/nem-kategorizalt\/maske-za-iphone-8-iphone-8\/"},"modified":"2019-04-04T12:29:46","modified_gmt":"2019-04-04T12:29:46","slug":"maszkok-iphone-8-es-iphone-8-keszulekekhez","status":"publish","type":"product","link":"https:\/\/teddybear.rs\/hu\/shop\/kiegeszitok-hu\/maszkok-iphone-8-es-iphone-8-keszulekekhez\/","title":{"rendered":"Maszkok iPhone 8 \u00e9s iPhone 8+ k\u00e9sz\u00fcl\u00e9kekhez"},"content":{"rendered":"<p>\u00daj maszkok \u00e1llnak rendelkez\u00e9sre az iPhone 8 \u00e9s az iPhone 8+ k\u00e9sz\u00fcl\u00e9kekhez, amelyek a telefont kiemelik m\u00e1sokt\u00f3l.<\/p>\n","protected":false},"excerpt":{"rendered":"<p>\u00daj maszkok \u00e1llnak rendelkez\u00e9sre az iPhone 8 \u00e9s az iPhone 8+ k\u00e9sz\u00fcl\u00e9kekhez, amelyek a telefont kiemelik m\u00e1sokt\u00f3l.<\/p>\n","protected":false},"featured_media":1828,"template":"","meta":[],"product_brand":[],"product_cat":[205],"product_tag":[],"class_list":{"0":"post-1827","1":"product","2":"type-product","3":"status-publish","4":"has-post-thumbnail","6":"product_cat-kiegeszitok-hu","8":"first","9":"instock","10":"featured","11":"shipping-taxable","12":"purchasable","13":"product-type-variable"},"_links":{"self":[{"href":"https:\/\/teddybear.rs\/hu\/wp-json\/wp\/v2\/product\/1827","targetHints":{"allow":["GET"]}}],"collection":[{"href":"https:\/\/teddybear.rs\/hu\/wp-json\/wp\/v2\/product"}],"about":[{"href":"https:\/\/teddybear.rs\/hu\/wp-json\/wp\/v2\/types\/product"}],"wp:featuredmedia":[{"embeddable":true,"href":"https:\/\/teddybear.rs\/hu\/wp-json\/wp\/v2\/media\/1828"}],"wp:attachment":[{"href":"https:\/\/teddybear.rs\/hu\/wp-json\/wp\/v2\/media?parent=1827"}],"wp:term":[{"taxonomy":"product_brand","embeddable":true,"href":"https:\/\/teddybear.rs\/hu\/wp-json\/wp\/v2\/product_brand?post=1827"},{"taxonomy":"product_cat","embeddable":true,"href":"https:\/\/teddybear.rs\/hu\/wp-json\/wp\/v2\/product_cat?post=1827"},{"taxonomy":"product_tag","embeddable":true,"href":"https:\/\/teddybear.rs\/hu\/wp-json\/wp\/v2\/product_tag?post=1827"}],"curies":[{"name":"wp","href":"https:\/\/api.w.org\/{rel}","templated":true}]}}