{"id":1813,"date":"2017-12-08T10:10:49","date_gmt":"2017-12-08T10:10:49","guid":{"rendered":"http:\/\/teddybear.rs\/shop\/nem-kategorizalt\/maska-za-telefon\/"},"modified":"2019-04-04T12:33:34","modified_gmt":"2019-04-04T12:33:34","slug":"telefon-maszk","status":"publish","type":"product","link":"https:\/\/teddybear.rs\/hu\/shop\/kiegeszitok-hu\/telefon-maszk\/","title":{"rendered":"Telefon maszk"},"content":{"rendered":"<p>Dekorat\u00edv telefonmaszk iPhone 5 \/ 5s \u00e9s 6 \/ 6s k\u00e9sz\u00fcl\u00e9kekhez.<\/p>\n","protected":false},"excerpt":{"rendered":"<p>Dekorat\u00edv telefonmaszk iPhone 5 \/ 5s \u00e9s 6 \/ 6s k\u00e9sz\u00fcl\u00e9kekhez.<\/p>\n","protected":false},"featured_media":1816,"template":"","meta":[],"product_brand":[],"product_cat":[205,47],"product_tag":[108,221,107,220],"class_list":{"0":"post-1813","1":"product","2":"type-product","3":"status-publish","4":"has-post-thumbnail","6":"product_cat-kiegeszitok-hu","7":"product_cat-accessories","8":"product_tag-iphone5-5s-6-6s","9":"product_tag-iphone5-5s-6-6s-hu","10":"product_tag-maska-za-telefon","11":"product_tag-maska-za-telefon-hu","13":"first","14":"instock","15":"shipping-taxable","16":"purchasable","17":"product-type-simple"},"_links":{"self":[{"href":"https:\/\/teddybear.rs\/hu\/wp-json\/wp\/v2\/product\/1813","targetHints":{"allow":["GET"]}}],"collection":[{"href":"https:\/\/teddybear.rs\/hu\/wp-json\/wp\/v2\/product"}],"about":[{"href":"https:\/\/teddybear.rs\/hu\/wp-json\/wp\/v2\/types\/product"}],"wp:featuredmedia":[{"embeddable":true,"href":"https:\/\/teddybear.rs\/hu\/wp-json\/wp\/v2\/media\/1816"}],"wp:attachment":[{"href":"https:\/\/teddybear.rs\/hu\/wp-json\/wp\/v2\/media?parent=1813"}],"wp:term":[{"taxonomy":"product_brand","embeddable":true,"href":"https:\/\/teddybear.rs\/hu\/wp-json\/wp\/v2\/product_brand?post=1813"},{"taxonomy":"product_cat","embeddable":true,"href":"https:\/\/teddybear.rs\/hu\/wp-json\/wp\/v2\/product_cat?post=1813"},{"taxonomy":"product_tag","embeddable":true,"href":"https:\/\/teddybear.rs\/hu\/wp-json\/wp\/v2\/product_tag?post=1813"}],"curies":[{"name":"wp","href":"https:\/\/api.w.org\/{rel}","templated":true}]}}