{"id":1802,"date":"2019-02-19T10:21:15","date_gmt":"2019-02-19T10:21:15","guid":{"rendered":"http:\/\/teddybear.rs\/shop\/nem-kategorizalt\/tb-panda-30cm-raffaello-heart\/"},"modified":"2019-04-02T11:21:02","modified_gmt":"2019-04-02T11:21:02","slug":"tb-panda-30cm-raffaello-heart","status":"publish","type":"product","link":"https:\/\/teddybear.rs\/hu\/shop\/teddy-bear-keszletek\/tb-panda-30cm-raffaello-heart\/","title":{"rendered":"TB Panda 30cm + Raffaello Heart"},"content":{"rendered":"<p>A legkisebb k\u00f6t\u00f6tt panda a sz\u00edv alak\u00fa Raffaelo Box k\u00e9szletben verhetetlen v\u00e1laszt\u00e1s minden \u00ednyenc sz\u00e1m\u00e1ra.<\/p>\n","protected":false},"excerpt":{"rendered":"<p>A legkisebb k\u00f6t\u00f6tt panda a sz\u00edv alak\u00fa Raffaelo Box k\u00e9szletben verhetetlen v\u00e1laszt\u00e1s minden \u00ednyenc sz\u00e1m\u00e1ra.<\/p>\n","protected":false},"featured_media":1803,"template":"","meta":[],"product_brand":[],"product_cat":[195,178],"product_tag":[],"class_list":{"0":"post-1802","1":"product","2":"type-product","3":"status-publish","4":"has-post-thumbnail","6":"product_cat-teddy-bear-keszletek","7":"product_cat-teddy-bear-setovi","9":"first","10":"instock","11":"sale","12":"shipping-taxable","13":"purchasable","14":"product-type-simple"},"_links":{"self":[{"href":"https:\/\/teddybear.rs\/hu\/wp-json\/wp\/v2\/product\/1802","targetHints":{"allow":["GET"]}}],"collection":[{"href":"https:\/\/teddybear.rs\/hu\/wp-json\/wp\/v2\/product"}],"about":[{"href":"https:\/\/teddybear.rs\/hu\/wp-json\/wp\/v2\/types\/product"}],"wp:featuredmedia":[{"embeddable":true,"href":"https:\/\/teddybear.rs\/hu\/wp-json\/wp\/v2\/media\/1803"}],"wp:attachment":[{"href":"https:\/\/teddybear.rs\/hu\/wp-json\/wp\/v2\/media?parent=1802"}],"wp:term":[{"taxonomy":"product_brand","embeddable":true,"href":"https:\/\/teddybear.rs\/hu\/wp-json\/wp\/v2\/product_brand?post=1802"},{"taxonomy":"product_cat","embeddable":true,"href":"https:\/\/teddybear.rs\/hu\/wp-json\/wp\/v2\/product_cat?post=1802"},{"taxonomy":"product_tag","embeddable":true,"href":"https:\/\/teddybear.rs\/hu\/wp-json\/wp\/v2\/product_tag?post=1802"}],"curies":[{"name":"wp","href":"https:\/\/api.w.org\/{rel}","templated":true}]}}