{"id":1799,"date":"2019-02-19T10:38:05","date_gmt":"2019-02-19T10:38:05","guid":{"rendered":"http:\/\/teddybear.rs\/shop\/nem-kategorizalt\/tb-panda-30cm-raffaello-box-big-heart\/"},"modified":"2019-04-02T11:12:54","modified_gmt":"2019-04-02T11:12:54","slug":"tb-panda-30cm-raffaello-box-big-heart","status":"publish","type":"product","link":"https:\/\/teddybear.rs\/hu\/shop\/teddy-bear-keszletek\/tb-panda-30cm-raffaello-box-big-heart\/","title":{"rendered":"TB Panda 30cm+ Raffaello Box+ BIG Heart"},"content":{"rendered":"<p>3 az 1-ben, a legcsod\u00e1latosabb term\u00e9kek az \u00d6n\u00f6k, mint egy ide\u00e1lis aj\u00e1nd\u00e9k egy szerett\u00e9nek.<\/p>\n","protected":false},"excerpt":{"rendered":"<p>3 az 1-ben, a legcsod\u00e1latosabb term\u00e9kek az \u00d6n\u00f6k, mint egy ide\u00e1lis aj\u00e1nd\u00e9k egy szerett\u00e9nek.<\/p>\n","protected":false},"featured_media":1800,"template":"","meta":[],"product_brand":[],"product_cat":[195,178],"product_tag":[],"class_list":{"0":"post-1799","1":"product","2":"type-product","3":"status-publish","4":"has-post-thumbnail","6":"product_cat-teddy-bear-keszletek","7":"product_cat-teddy-bear-setovi","9":"first","10":"instock","11":"sale","12":"shipping-taxable","13":"purchasable","14":"product-type-simple"},"_links":{"self":[{"href":"https:\/\/teddybear.rs\/hu\/wp-json\/wp\/v2\/product\/1799","targetHints":{"allow":["GET"]}}],"collection":[{"href":"https:\/\/teddybear.rs\/hu\/wp-json\/wp\/v2\/product"}],"about":[{"href":"https:\/\/teddybear.rs\/hu\/wp-json\/wp\/v2\/types\/product"}],"wp:featuredmedia":[{"embeddable":true,"href":"https:\/\/teddybear.rs\/hu\/wp-json\/wp\/v2\/media\/1800"}],"wp:attachment":[{"href":"https:\/\/teddybear.rs\/hu\/wp-json\/wp\/v2\/media?parent=1799"}],"wp:term":[{"taxonomy":"product_brand","embeddable":true,"href":"https:\/\/teddybear.rs\/hu\/wp-json\/wp\/v2\/product_brand?post=1799"},{"taxonomy":"product_cat","embeddable":true,"href":"https:\/\/teddybear.rs\/hu\/wp-json\/wp\/v2\/product_cat?post=1799"},{"taxonomy":"product_tag","embeddable":true,"href":"https:\/\/teddybear.rs\/hu\/wp-json\/wp\/v2\/product_tag?post=1799"}],"curies":[{"name":"wp","href":"https:\/\/api.w.org\/{rel}","templated":true}]}}