{"id":1793,"date":"2019-02-19T10:26:26","date_gmt":"2019-02-19T10:26:26","guid":{"rendered":"http:\/\/teddybear.rs\/shop\/nem-kategorizalt\/teddy-bear-1m-kinder-box\/"},"modified":"2019-04-02T11:10:10","modified_gmt":"2019-04-02T11:10:10","slug":"teddy-bear-1m-kinder-box","status":"publish","type":"product","link":"https:\/\/teddybear.rs\/hu\/shop\/teddy-bear-keszletek\/teddy-bear-1m-kinder-box\/","title":{"rendered":"Teddy Bear 1m + Kinder Box"},"content":{"rendered":"<p>A meglep\u0151 hat\u00e1s \u00e9s a s\u00f3s aj\u00e1nd\u00e9k egyar\u00e1nt mag\u00e1ban foglalja az 1 m\u00e9ter magas m\u00e9zes m\u00e9zes \u00e9des term\u00e9keket.<\/p>\n","protected":false},"excerpt":{"rendered":"<p>A meglep\u0151 hat\u00e1s \u00e9s a s\u00f3s aj\u00e1nd\u00e9k egyar\u00e1nt mag\u00e1ban foglalja az 1 m\u00e9ter magas m\u00e9zes m\u00e9zes \u00e9des term\u00e9keket.<\/p>\n","protected":false},"featured_media":1794,"template":"","meta":[],"product_brand":[],"product_cat":[195],"product_tag":[],"class_list":{"0":"post-1793","1":"product","2":"type-product","3":"status-publish","4":"has-post-thumbnail","6":"product_cat-teddy-bear-keszletek","8":"first","9":"instock","10":"sale","11":"shipping-taxable","12":"purchasable","13":"product-type-simple"},"_links":{"self":[{"href":"https:\/\/teddybear.rs\/hu\/wp-json\/wp\/v2\/product\/1793","targetHints":{"allow":["GET"]}}],"collection":[{"href":"https:\/\/teddybear.rs\/hu\/wp-json\/wp\/v2\/product"}],"about":[{"href":"https:\/\/teddybear.rs\/hu\/wp-json\/wp\/v2\/types\/product"}],"wp:featuredmedia":[{"embeddable":true,"href":"https:\/\/teddybear.rs\/hu\/wp-json\/wp\/v2\/media\/1794"}],"wp:attachment":[{"href":"https:\/\/teddybear.rs\/hu\/wp-json\/wp\/v2\/media?parent=1793"}],"wp:term":[{"taxonomy":"product_brand","embeddable":true,"href":"https:\/\/teddybear.rs\/hu\/wp-json\/wp\/v2\/product_brand?post=1793"},{"taxonomy":"product_cat","embeddable":true,"href":"https:\/\/teddybear.rs\/hu\/wp-json\/wp\/v2\/product_cat?post=1793"},{"taxonomy":"product_tag","embeddable":true,"href":"https:\/\/teddybear.rs\/hu\/wp-json\/wp\/v2\/product_tag?post=1793"}],"curies":[{"name":"wp","href":"https:\/\/api.w.org\/{rel}","templated":true}]}}