{"id":1785,"date":"2019-02-19T10:08:00","date_gmt":"2019-02-19T10:08:00","guid":{"rendered":"http:\/\/teddybear.rs\/shop\/nem-kategorizalt\/teddy-bear-30cm-kinder-box\/"},"modified":"2019-04-02T11:03:12","modified_gmt":"2019-04-02T11:03:12","slug":"teddy-bear-30cm-kinder-box","status":"publish","type":"product","link":"https:\/\/teddybear.rs\/hu\/shop\/teddy-bear-keszletek\/teddy-bear-30cm-kinder-box\/","title":{"rendered":"Teddy Bear 30cm + Kinder Box"},"content":{"rendered":"<p>Ide\u00e1lis kombin\u00e1ci\u00f3ja a szeretett szem\u00e9lynek, egy olyan aj\u00e1nd\u00e9k, amely senkit nem hagy maga ut\u00e1n, csak ez a fajta Teddy Bear k\u00e9szlet.<\/p>\n","protected":false},"excerpt":{"rendered":"<p>Ide\u00e1lis kombin\u00e1ci\u00f3ja a szeretett szem\u00e9lynek, egy olyan aj\u00e1nd\u00e9k, amely senkit nem hagy maga ut\u00e1n, csak ez a fajta Teddy Bear k\u00e9szlet.<\/p>\n","protected":false},"featured_media":1786,"template":"","meta":[],"product_brand":[],"product_cat":[195,178],"product_tag":[],"class_list":{"0":"post-1785","1":"product","2":"type-product","3":"status-publish","4":"has-post-thumbnail","6":"product_cat-teddy-bear-keszletek","7":"product_cat-teddy-bear-setovi","9":"first","10":"instock","11":"sale","12":"shipping-taxable","13":"purchasable","14":"product-type-simple"},"_links":{"self":[{"href":"https:\/\/teddybear.rs\/hu\/wp-json\/wp\/v2\/product\/1785","targetHints":{"allow":["GET"]}}],"collection":[{"href":"https:\/\/teddybear.rs\/hu\/wp-json\/wp\/v2\/product"}],"about":[{"href":"https:\/\/teddybear.rs\/hu\/wp-json\/wp\/v2\/types\/product"}],"wp:featuredmedia":[{"embeddable":true,"href":"https:\/\/teddybear.rs\/hu\/wp-json\/wp\/v2\/media\/1786"}],"wp:attachment":[{"href":"https:\/\/teddybear.rs\/hu\/wp-json\/wp\/v2\/media?parent=1785"}],"wp:term":[{"taxonomy":"product_brand","embeddable":true,"href":"https:\/\/teddybear.rs\/hu\/wp-json\/wp\/v2\/product_brand?post=1785"},{"taxonomy":"product_cat","embeddable":true,"href":"https:\/\/teddybear.rs\/hu\/wp-json\/wp\/v2\/product_cat?post=1785"},{"taxonomy":"product_tag","embeddable":true,"href":"https:\/\/teddybear.rs\/hu\/wp-json\/wp\/v2\/product_tag?post=1785"}],"curies":[{"name":"wp","href":"https:\/\/api.w.org\/{rel}","templated":true}]}}