{"id":1783,"date":"2019-02-19T10:13:56","date_gmt":"2019-02-19T10:13:56","guid":{"rendered":"http:\/\/teddybear.rs\/shop\/nem-kategorizalt\/teddy-bear-30cm-single-rose-red\/"},"modified":"2019-04-02T10:59:59","modified_gmt":"2019-04-02T10:59:59","slug":"teddy-bear-30cm-single-rose-red","status":"publish","type":"product","link":"https:\/\/teddybear.rs\/hu\/shop\/teddy-bear-keszletek\/teddy-bear-30cm-single-rose-red\/","title":{"rendered":"Teddy Bear 30cm + Single Rose Red"},"content":{"rendered":"<p>A kedvenc 30 cm-es Teddy Bear v\u00f6r\u00f6s r\u00f3zsafajta egy nyer\u0151 kombin\u00e1ci\u00f3 \u00e9s t\u00f6k\u00e9letes alkalom minden alkalomra.<\/p>\n","protected":false},"excerpt":{"rendered":"<p>A kedvenc 30 cm-es Teddy Bear v\u00f6r\u00f6s r\u00f3zsafajta egy nyer\u0151 kombin\u00e1ci\u00f3 \u00e9s t\u00f6k\u00e9letes alkalom minden alkalomra.<\/p>\n","protected":false},"featured_media":1784,"template":"","meta":[],"product_brand":[],"product_cat":[195,178],"product_tag":[],"class_list":{"0":"post-1783","1":"product","2":"type-product","3":"status-publish","4":"has-post-thumbnail","6":"product_cat-teddy-bear-keszletek","7":"product_cat-teddy-bear-setovi","9":"first","10":"instock","11":"sale","12":"shipping-taxable","13":"purchasable","14":"product-type-simple"},"_links":{"self":[{"href":"https:\/\/teddybear.rs\/hu\/wp-json\/wp\/v2\/product\/1783","targetHints":{"allow":["GET"]}}],"collection":[{"href":"https:\/\/teddybear.rs\/hu\/wp-json\/wp\/v2\/product"}],"about":[{"href":"https:\/\/teddybear.rs\/hu\/wp-json\/wp\/v2\/types\/product"}],"wp:featuredmedia":[{"embeddable":true,"href":"https:\/\/teddybear.rs\/hu\/wp-json\/wp\/v2\/media\/1784"}],"wp:attachment":[{"href":"https:\/\/teddybear.rs\/hu\/wp-json\/wp\/v2\/media?parent=1783"}],"wp:term":[{"taxonomy":"product_brand","embeddable":true,"href":"https:\/\/teddybear.rs\/hu\/wp-json\/wp\/v2\/product_brand?post=1783"},{"taxonomy":"product_cat","embeddable":true,"href":"https:\/\/teddybear.rs\/hu\/wp-json\/wp\/v2\/product_cat?post=1783"},{"taxonomy":"product_tag","embeddable":true,"href":"https:\/\/teddybear.rs\/hu\/wp-json\/wp\/v2\/product_tag?post=1783"}],"curies":[{"name":"wp","href":"https:\/\/api.w.org\/{rel}","templated":true}]}}