{"id":1779,"date":"2019-02-19T10:30:45","date_gmt":"2019-02-19T10:30:45","guid":{"rendered":"http:\/\/teddybear.rs\/shop\/nem-kategorizalt\/teddy-bear-white-1m-with-heart-raffaelo-box\/"},"modified":"2019-04-02T10:15:38","modified_gmt":"2019-04-02T10:15:38","slug":"teddy-bear-white-1m-with-heart-raffaelo-box","status":"publish","type":"product","link":"https:\/\/teddybear.rs\/hu\/shop\/teddy-bear-keszletek\/teddy-bear-white-1m-with-heart-raffaelo-box\/","title":{"rendered":"Teddy Bear White 1m with Heart + Raffaelo Box"},"content":{"rendered":"<p>A White Red Domination szettet bemutatj\u00e1k mindazoknak, akik szeretik \u00e9s szeretik a sz\u00fclet\u00e9snapi, Valentin-nap, m\u00e1rcius 8-i \u00e9s m\u00e1s \u00fcnnepek ide\u00e1lis aj\u00e1nd\u00e9k\u00e1t.<\/p>\n","protected":false},"excerpt":{"rendered":"<p>A White Red Domination szettet bemutatj\u00e1k mindazoknak, akik szeretik \u00e9s szeretik a sz\u00fclet\u00e9snapi, Valentin-nap, m\u00e1rcius 8-i \u00e9s m\u00e1s \u00fcnnepek ide\u00e1lis aj\u00e1nd\u00e9k\u00e1t.<\/p>\n","protected":false},"featured_media":1780,"template":"","meta":[],"product_brand":[],"product_cat":[195],"product_tag":[],"class_list":{"0":"post-1779","1":"product","2":"type-product","3":"status-publish","4":"has-post-thumbnail","6":"product_cat-teddy-bear-keszletek","8":"first","9":"instock","10":"sale","11":"shipping-taxable","12":"purchasable","13":"product-type-simple"},"_links":{"self":[{"href":"https:\/\/teddybear.rs\/hu\/wp-json\/wp\/v2\/product\/1779","targetHints":{"allow":["GET"]}}],"collection":[{"href":"https:\/\/teddybear.rs\/hu\/wp-json\/wp\/v2\/product"}],"about":[{"href":"https:\/\/teddybear.rs\/hu\/wp-json\/wp\/v2\/types\/product"}],"wp:featuredmedia":[{"embeddable":true,"href":"https:\/\/teddybear.rs\/hu\/wp-json\/wp\/v2\/media\/1780"}],"wp:attachment":[{"href":"https:\/\/teddybear.rs\/hu\/wp-json\/wp\/v2\/media?parent=1779"}],"wp:term":[{"taxonomy":"product_brand","embeddable":true,"href":"https:\/\/teddybear.rs\/hu\/wp-json\/wp\/v2\/product_brand?post=1779"},{"taxonomy":"product_cat","embeddable":true,"href":"https:\/\/teddybear.rs\/hu\/wp-json\/wp\/v2\/product_cat?post=1779"},{"taxonomy":"product_tag","embeddable":true,"href":"https:\/\/teddybear.rs\/hu\/wp-json\/wp\/v2\/product_tag?post=1779"}],"curies":[{"name":"wp","href":"https:\/\/api.w.org\/{rel}","templated":true}]}}