{"id":1775,"date":"2019-02-19T10:23:52","date_gmt":"2019-02-19T10:23:52","guid":{"rendered":"http:\/\/teddybear.rs\/shop\/nem-kategorizalt\/teddy-bear-white-30cm-ferrero-gold-box\/"},"modified":"2019-02-19T10:23:52","modified_gmt":"2019-02-19T10:23:52","slug":"teddy-bear-white-30cm-ferrero-gold-box","status":"publish","type":"product","link":"https:\/\/teddybear.rs\/hu\/shop\/teddy-bear-keszletek\/teddy-bear-white-30cm-ferrero-gold-box\/","title":{"rendered":"Teddy Bear White 30cm + Ferrero GOLD Box"},"content":{"rendered":"<p>Gold Edition A luxus megjelen\u00e9s\u0171 k\u00e9szlet minden alkalommal kombin\u00e1ci\u00f3.<\/p>\n","protected":false},"excerpt":{"rendered":"<p>Gold Edition A luxus megjelen\u00e9s\u0171 k\u00e9szlet minden alkalommal kombin\u00e1ci\u00f3.<\/p>\n","protected":false},"featured_media":1776,"template":"","meta":[],"product_brand":[],"product_cat":[195],"product_tag":[],"class_list":{"0":"post-1775","1":"product","2":"type-product","3":"status-publish","4":"has-post-thumbnail","6":"product_cat-teddy-bear-keszletek","8":"first","9":"instock","10":"sale","11":"shipping-taxable","12":"purchasable","13":"product-type-simple"},"_links":{"self":[{"href":"https:\/\/teddybear.rs\/hu\/wp-json\/wp\/v2\/product\/1775","targetHints":{"allow":["GET"]}}],"collection":[{"href":"https:\/\/teddybear.rs\/hu\/wp-json\/wp\/v2\/product"}],"about":[{"href":"https:\/\/teddybear.rs\/hu\/wp-json\/wp\/v2\/types\/product"}],"wp:featuredmedia":[{"embeddable":true,"href":"https:\/\/teddybear.rs\/hu\/wp-json\/wp\/v2\/media\/1776"}],"wp:attachment":[{"href":"https:\/\/teddybear.rs\/hu\/wp-json\/wp\/v2\/media?parent=1775"}],"wp:term":[{"taxonomy":"product_brand","embeddable":true,"href":"https:\/\/teddybear.rs\/hu\/wp-json\/wp\/v2\/product_brand?post=1775"},{"taxonomy":"product_cat","embeddable":true,"href":"https:\/\/teddybear.rs\/hu\/wp-json\/wp\/v2\/product_cat?post=1775"},{"taxonomy":"product_tag","embeddable":true,"href":"https:\/\/teddybear.rs\/hu\/wp-json\/wp\/v2\/product_tag?post=1775"}],"curies":[{"name":"wp","href":"https:\/\/api.w.org\/{rel}","templated":true}]}}