{"id":1762,"date":"2019-02-19T10:43:18","date_gmt":"2019-04-01T11:04:41","guid":{"rendered":"http:\/\/teddybear.rs\/?post_type=product&#038;p=1762"},"modified":"2019-04-01T11:04:41","modified_gmt":"2019-04-01T11:04:41","slug":"teddy-bear-white-30cm-ferrero-box-moet-mini","status":"publish","type":"product","link":"https:\/\/teddybear.rs\/hu\/shop\/teddy-bear-keszletek\/teddy-bear-white-30cm-ferrero-box-moet-mini\/","title":{"rendered":"Teddy Bear White 30cm+ Ferrero Box + Moet Mini"},"content":{"rendered":"<p>A legkisebb feh\u00e9r m\u00e9z, a Ferrero gy\u00f6ngy\u00f6k kifinomult \u00edz\u00e9vel \u00e9s a pezsg\u0151 legfinomabb \u00edz\u00e9vel, t\u00f6k\u00e9letes alkalom minden alkalomra.<\/p>\n","protected":false},"excerpt":{"rendered":"<p>A legkisebb feh\u00e9r m\u00e9z, a Ferrero gy\u00f6ngy\u00f6k kifinomult \u00edz\u00e9vel \u00e9s a pezsg\u0151 legfinomabb \u00edz\u00e9vel, t\u00f6k\u00e9letes alkalom minden alkalomra.<\/p>\n","protected":false},"featured_media":1684,"template":"","meta":[],"product_brand":[],"product_cat":[195,178],"product_tag":[],"class_list":{"0":"post-1762","1":"product","2":"type-product","3":"status-publish","4":"has-post-thumbnail","6":"product_cat-teddy-bear-keszletek","7":"product_cat-teddy-bear-setovi","9":"first","10":"instock","11":"sale","12":"shipping-taxable","13":"purchasable","14":"product-type-simple"},"_links":{"self":[{"href":"https:\/\/teddybear.rs\/hu\/wp-json\/wp\/v2\/product\/1762","targetHints":{"allow":["GET"]}}],"collection":[{"href":"https:\/\/teddybear.rs\/hu\/wp-json\/wp\/v2\/product"}],"about":[{"href":"https:\/\/teddybear.rs\/hu\/wp-json\/wp\/v2\/types\/product"}],"wp:featuredmedia":[{"embeddable":true,"href":"https:\/\/teddybear.rs\/hu\/wp-json\/wp\/v2\/media\/1684"}],"wp:attachment":[{"href":"https:\/\/teddybear.rs\/hu\/wp-json\/wp\/v2\/media?parent=1762"}],"wp:term":[{"taxonomy":"product_brand","embeddable":true,"href":"https:\/\/teddybear.rs\/hu\/wp-json\/wp\/v2\/product_brand?post=1762"},{"taxonomy":"product_cat","embeddable":true,"href":"https:\/\/teddybear.rs\/hu\/wp-json\/wp\/v2\/product_cat?post=1762"},{"taxonomy":"product_tag","embeddable":true,"href":"https:\/\/teddybear.rs\/hu\/wp-json\/wp\/v2\/product_tag?post=1762"}],"curies":[{"name":"wp","href":"https:\/\/api.w.org\/{rel}","templated":true}]}}